{"id":29,"date":"2020-08-22T20:43:46","date_gmt":"2020-08-23T00:43:46","guid":{"rendered":"https:\/\/corredorbioceanico.org\/cms\/?page_id=29"},"modified":"2025-05-05T11:55:45","modified_gmt":"2025-05-05T14:55:45","slug":"que-es-el-corredor","status":"publish","type":"page","link":"https:\/\/corredorbioceanico.org\/en\/que-es-el-corredor\/","title":{"rendered":"What is the Corridor"},"content":{"rendered":"<p><strong>The Capricorn Bioceanic Corridor (CBC) is a multilateral initiative for regional integration and development. It is based on its potential to significantly transform logistics and trade in the region and to contribute to the development of the countries and subnational territories involved. The Corridor connects the Mediterranean areas of Brazil&#8217;s central-west, northern Paraguay, Argentina, and Chile with strategic access to the Atlantic and Pacific Oceans, creating a link between the port of Santos (Brazil) and the northern Chilean ports.<\/strong><\/p>\n<p>Grounded in a history dating back to the 1960s, the current momentum of the CBC is driven by the four countries involved and the eight subnational states whose territories are traversed by the Corridor&#8217;s route: Tarapac\u00e1, Antofagasta, Jujuy, Salta, Presidente Hayes, Boquer\u00f3n, Alto Paraguay, and Mato Grosso do Sul.<\/p>\n<p>The cornerstone of this initiative was laid in 2015 with the signing of the &#8220;Asunci\u00f3n Declaration on Bioceanic Corridors,&#8221; signed by the presidents of Argentina, Brazil, Chile, and Paraguay. As a result of this declaration, the Quadripartite Working Group was formed, comprising the Foreign Ministries of the four countries, which led several work sessions over the next five years.<\/p>\n<p>After the global paralysis caused by the pandemic, the eight subnational territories (departments, regions, provinces, or states, depending on the country) formalized their intention to work together under the Capricorn Bioceanic Corridor Integration Forum, signed by the subnational states in the Campo Grande Declaration (Brazil) in May 2022.<\/p>\n<p>A year later, as a result of the III Integration Forum held in Salta, the IDB (Inter-American Development Bank) was requested to provide strategic and financial support to establish a Regional Public Good (RPG), with the main goal of developing a\u00a0<span style=\"font-weight: 400;\"><a href=\"https:\/\/www.iadb.org\/es\/proyecto\/RG-T4399\" target=\"_blank\" rel=\"noopener\">Regional Master Plan for the Integration and Development of the Capricorn Bioceanic Corridor (PM-CBC)<\/a>.<\/span><\/p>\n<p><img decoding=\"async\" class=\"alignnone size-full wp-image-2943\" style=\"margin: 60px 0;\" src=\"https:\/\/corredorbioceanico.org\/cms\/wp-content\/uploads\/2025\/01\/estadisticas.jpg\" alt=\"\" width=\"100%\" height=\"auto\" \/><\/p>","protected":false},"excerpt":{"rendered":"<p>The Capricorn Bioceanic Corridor (CBC) is a multilateral initiative for regional integration and development. It is based on its potential to significantly transform logistics and trade in the region and to contribute to the development of the countries and subnational territories involved. The Corridor connects the Mediterranean areas of Brazil&#8217;s central-west, northern Paraguay, Argentina, and [&hellip;]<\/p>\n","protected":false},"author":1,"featured_media":3424,"parent":0,"menu_order":1,"comment_status":"closed","ping_status":"closed","template":"","meta":{"_acf_changed":false,"_relevanssi_hide_post":"","_relevanssi_hide_content":"","_relevanssi_pin_for_all":"","_relevanssi_pin_keywords":"","_relevanssi_unpin_keywords":"","_relevanssi_related_keywords":"","_relevanssi_related_include_ids":"","_relevanssi_related_exclude_ids":"","_relevanssi_related_no_append":"","_relevanssi_related_not_related":"","_relevanssi_related_posts":"","_relevanssi_noindex_reason":"","footnotes":""},"class_list":["post-29","page","type-page","status-publish","has-post-thumbnail","hentry"],"acf":[],"yoast_head":"<!-- This site is optimized with the Yoast SEO plugin v25.5 - https:\/\/yoast.com\/wordpress\/plugins\/seo\/ -->\n<title>What is the Corridor - Corredor Bioce\u00e1nico de Capricornio<\/title>\n<meta name=\"description\" content=\"El Corredor Bioce\u00e1nico de Capricornio (CBC) es una iniciativa multilateral para la integraci\u00f3n y el\u00a0 desarrollo de alcance regional. El Corredor une las zonas mediterr\u00e1neas del centro-oeste brasile\u00f1o, el norte de Paraguay, Argentina y Chile con acceso estrat\u00e9gico a los oc\u00e9anos Atl\u00e1ntico y Pac\u00edfico, creando un enlace entre el puerto de Santos (Brasil) y los puertos del norte de Chile.\" \/>\n<meta name=\"robots\" content=\"index, follow, max-snippet:-1, max-image-preview:large, max-video-preview:-1\" \/>\n<link rel=\"canonical\" href=\"https:\/\/corredorbioceanico.org\/que-es-el-corredor\/\" \/>\n<meta property=\"og:locale\" content=\"en_US\" \/>\n<meta property=\"og:type\" content=\"article\" \/>\n<meta property=\"og:title\" content=\"[:es]Qu\u00e9 es el Corredor[:pb]O que \u00e9 o Corredor[:en]What is the Corridor[:] - Corredor Bioce\u00e1nico de Capricornio\" \/>\n<meta property=\"og:description\" content=\"El Corredor Bioce\u00e1nico de Capricornio (CBC) es una iniciativa multilateral para la integraci\u00f3n y el\u00a0 desarrollo de alcance regional. El Corredor une las zonas mediterr\u00e1neas del centro-oeste brasile\u00f1o, el norte de Paraguay, Argentina y Chile con acceso estrat\u00e9gico a los oc\u00e9anos Atl\u00e1ntico y Pac\u00edfico, creando un enlace entre el puerto de Santos (Brasil) y los puertos del norte de Chile.\" \/>\n<meta property=\"og:url\" content=\"https:\/\/corredorbioceanico.org\/que-es-el-corredor\/\" \/>\n<meta property=\"og:site_name\" content=\"Corredor Bioce\u00e1nico de Capricornio\" \/>\n<meta property=\"article:modified_time\" content=\"2025-05-05T14:55:45+00:00\" \/>\n<meta property=\"og:image\" content=\"https:\/\/corredorbioceanico.org\/cms\/wp-content\/uploads\/2025\/01\/Puerto-de-Iquique-Tarapaca-Chile.jpg\" \/>\n\t<meta property=\"og:image:width\" content=\"1394\" \/>\n\t<meta property=\"og:image:height\" content=\"784\" \/>\n\t<meta property=\"og:image:type\" content=\"image\/jpeg\" \/>\n<meta name=\"twitter:card\" content=\"summary_large_image\" \/>\n<meta name=\"twitter:label1\" content=\"Est. reading time\" \/>\n\t<meta name=\"twitter:data1\" content=\"2 minutes\" \/>\n<script type=\"application\/ld+json\" class=\"yoast-schema-graph\">{\"@context\":\"https:\/\/schema.org\",\"@graph\":[{\"@type\":\"WebPage\",\"@id\":\"https:\/\/corredorbioceanico.org\/que-es-el-corredor\/\",\"url\":\"https:\/\/corredorbioceanico.org\/que-es-el-corredor\/\",\"name\":\"[:es]Qu\u00e9 es el Corredor[:pb]O que \u00e9 o Corredor[:en]What is the Corridor[:] - Corredor Bioce\u00e1nico de Capricornio\",\"isPartOf\":{\"@id\":\"https:\/\/corredorbioceanico.org\/es\/#website\"},\"primaryImageOfPage\":{\"@id\":\"https:\/\/corredorbioceanico.org\/que-es-el-corredor\/#primaryimage\"},\"image\":{\"@id\":\"https:\/\/corredorbioceanico.org\/que-es-el-corredor\/#primaryimage\"},\"thumbnailUrl\":\"https:\/\/corredorbioceanico.org\/cms\/wp-content\/uploads\/2025\/01\/Puerto-de-Iquique-Tarapaca-Chile.jpg\",\"datePublished\":\"2020-08-23T00:43:46+00:00\",\"dateModified\":\"2025-05-05T14:55:45+00:00\",\"description\":\"El Corredor Bioce\u00e1nico de Capricornio (CBC) es una iniciativa multilateral para la integraci\u00f3n y el\u00a0 desarrollo de alcance regional. El Corredor une las zonas mediterr\u00e1neas del centro-oeste brasile\u00f1o, el norte de Paraguay, Argentina y Chile con acceso estrat\u00e9gico a los oc\u00e9anos Atl\u00e1ntico y Pac\u00edfico, creando un enlace entre el puerto de Santos (Brasil) y los puertos del norte de Chile.\",\"breadcrumb\":{\"@id\":\"https:\/\/corredorbioceanico.org\/que-es-el-corredor\/#breadcrumb\"},\"inLanguage\":\"en-US\",\"potentialAction\":[{\"@type\":\"ReadAction\",\"target\":[\"https:\/\/corredorbioceanico.org\/que-es-el-corredor\/\"]}]},{\"@type\":\"ImageObject\",\"inLanguage\":\"en-US\",\"@id\":\"https:\/\/corredorbioceanico.org\/que-es-el-corredor\/#primaryimage\",\"url\":\"https:\/\/corredorbioceanico.org\/cms\/wp-content\/uploads\/2025\/01\/Puerto-de-Iquique-Tarapaca-Chile.jpg\",\"contentUrl\":\"https:\/\/corredorbioceanico.org\/cms\/wp-content\/uploads\/2025\/01\/Puerto-de-Iquique-Tarapaca-Chile.jpg\",\"width\":1394,\"height\":784},{\"@type\":\"BreadcrumbList\",\"@id\":\"https:\/\/corredorbioceanico.org\/que-es-el-corredor\/#breadcrumb\",\"itemListElement\":[{\"@type\":\"ListItem\",\"position\":1,\"name\":\"Portada\",\"item\":\"https:\/\/corredorbioceanico.org\/es\/\"},{\"@type\":\"ListItem\",\"position\":2,\"name\":\"Qu\u00e9 es el Corredor\"}]},{\"@type\":\"WebSite\",\"@id\":\"https:\/\/corredorbioceanico.org\/es\/#website\",\"url\":\"https:\/\/corredorbioceanico.org\/es\/\",\"name\":\"Corredor Bioce\u00e1nico de Capricornio\",\"description\":\"Sitio Web del Corredor Bioce\u00e1nico de Capricornio\",\"publisher\":{\"@id\":\"https:\/\/corredorbioceanico.org\/es\/#organization\"},\"potentialAction\":[{\"@type\":\"SearchAction\",\"target\":{\"@type\":\"EntryPoint\",\"urlTemplate\":\"https:\/\/corredorbioceanico.org\/es\/?s={search_term_string}\"},\"query-input\":{\"@type\":\"PropertyValueSpecification\",\"valueRequired\":true,\"valueName\":\"search_term_string\"}}],\"inLanguage\":\"en-US\"},{\"@type\":\"Organization\",\"@id\":\"https:\/\/corredorbioceanico.org\/es\/#organization\",\"name\":\"Corredor Bioce\u00e1nico de Capricornio\",\"url\":\"https:\/\/corredorbioceanico.org\/es\/\",\"logo\":{\"@type\":\"ImageObject\",\"inLanguage\":\"en-US\",\"@id\":\"https:\/\/corredorbioceanico.org\/es\/#\/schema\/logo\/image\/\",\"url\":\"https:\/\/corredorbioceanico.org\/cms\/wp-content\/uploads\/2025\/02\/CBC_ID_WEB_1B.png\",\"contentUrl\":\"https:\/\/corredorbioceanico.org\/cms\/wp-content\/uploads\/2025\/02\/CBC_ID_WEB_1B.png\",\"width\":652,\"height\":200,\"caption\":\"Corredor Bioce\u00e1nico de Capricornio\"},\"image\":{\"@id\":\"https:\/\/corredorbioceanico.org\/es\/#\/schema\/logo\/image\/\"}}]}<\/script>\n<!-- \/ Yoast SEO plugin. -->","yoast_head_json":{"title":"[:es]Qu\u00e9 es el Corredor[:pb]O que \u00e9 o Corredor[:en]What is the Corridor[:] - Corredor Bioce\u00e1nico de Capricornio","description":"El Corredor Bioce\u00e1nico de Capricornio (CBC) es una iniciativa multilateral para la integraci\u00f3n y el\u00a0 desarrollo de alcance regional. El Corredor une las zonas mediterr\u00e1neas del centro-oeste brasile\u00f1o, el norte de Paraguay, Argentina y Chile con acceso estrat\u00e9gico a los oc\u00e9anos Atl\u00e1ntico y Pac\u00edfico, creando un enlace entre el puerto de Santos (Brasil) y los puertos del norte de Chile.","robots":{"index":"index","follow":"follow","max-snippet":"max-snippet:-1","max-image-preview":"max-image-preview:large","max-video-preview":"max-video-preview:-1"},"canonical":"https:\/\/corredorbioceanico.org\/que-es-el-corredor\/","og_locale":"en_US","og_type":"article","og_title":"[:es]Qu\u00e9 es el Corredor[:pb]O que \u00e9 o Corredor[:en]What is the Corridor[:] - Corredor Bioce\u00e1nico de Capricornio","og_description":"El Corredor Bioce\u00e1nico de Capricornio (CBC) es una iniciativa multilateral para la integraci\u00f3n y el\u00a0 desarrollo de alcance regional. El Corredor une las zonas mediterr\u00e1neas del centro-oeste brasile\u00f1o, el norte de Paraguay, Argentina y Chile con acceso estrat\u00e9gico a los oc\u00e9anos Atl\u00e1ntico y Pac\u00edfico, creando un enlace entre el puerto de Santos (Brasil) y los puertos del norte de Chile.","og_url":"https:\/\/corredorbioceanico.org\/que-es-el-corredor\/","og_site_name":"Corredor Bioce\u00e1nico de Capricornio","article_modified_time":"2025-05-05T14:55:45+00:00","og_image":[{"width":1394,"height":784,"url":"https:\/\/corredorbioceanico.org\/cms\/wp-content\/uploads\/2025\/01\/Puerto-de-Iquique-Tarapaca-Chile.jpg","type":"image\/jpeg"}],"twitter_card":"summary_large_image","twitter_misc":{"Est. reading time":"2 minutes"},"schema":{"@context":"https:\/\/schema.org","@graph":[{"@type":"WebPage","@id":"https:\/\/corredorbioceanico.org\/que-es-el-corredor\/","url":"https:\/\/corredorbioceanico.org\/que-es-el-corredor\/","name":"[:es]Qu\u00e9 es el Corredor[:pb]O que \u00e9 o Corredor[:en]What is the Corridor[:] - Corredor Bioce\u00e1nico de Capricornio","isPartOf":{"@id":"https:\/\/corredorbioceanico.org\/es\/#website"},"primaryImageOfPage":{"@id":"https:\/\/corredorbioceanico.org\/que-es-el-corredor\/#primaryimage"},"image":{"@id":"https:\/\/corredorbioceanico.org\/que-es-el-corredor\/#primaryimage"},"thumbnailUrl":"https:\/\/corredorbioceanico.org\/cms\/wp-content\/uploads\/2025\/01\/Puerto-de-Iquique-Tarapaca-Chile.jpg","datePublished":"2020-08-23T00:43:46+00:00","dateModified":"2025-05-05T14:55:45+00:00","description":"El Corredor Bioce\u00e1nico de Capricornio (CBC) es una iniciativa multilateral para la integraci\u00f3n y el\u00a0 desarrollo de alcance regional. El Corredor une las zonas mediterr\u00e1neas del centro-oeste brasile\u00f1o, el norte de Paraguay, Argentina y Chile con acceso estrat\u00e9gico a los oc\u00e9anos Atl\u00e1ntico y Pac\u00edfico, creando un enlace entre el puerto de Santos (Brasil) y los puertos del norte de Chile.","breadcrumb":{"@id":"https:\/\/corredorbioceanico.org\/que-es-el-corredor\/#breadcrumb"},"inLanguage":"en-US","potentialAction":[{"@type":"ReadAction","target":["https:\/\/corredorbioceanico.org\/que-es-el-corredor\/"]}]},{"@type":"ImageObject","inLanguage":"en-US","@id":"https:\/\/corredorbioceanico.org\/que-es-el-corredor\/#primaryimage","url":"https:\/\/corredorbioceanico.org\/cms\/wp-content\/uploads\/2025\/01\/Puerto-de-Iquique-Tarapaca-Chile.jpg","contentUrl":"https:\/\/corredorbioceanico.org\/cms\/wp-content\/uploads\/2025\/01\/Puerto-de-Iquique-Tarapaca-Chile.jpg","width":1394,"height":784},{"@type":"BreadcrumbList","@id":"https:\/\/corredorbioceanico.org\/que-es-el-corredor\/#breadcrumb","itemListElement":[{"@type":"ListItem","position":1,"name":"Portada","item":"https:\/\/corredorbioceanico.org\/es\/"},{"@type":"ListItem","position":2,"name":"Qu\u00e9 es el Corredor"}]},{"@type":"WebSite","@id":"https:\/\/corredorbioceanico.org\/es\/#website","url":"https:\/\/corredorbioceanico.org\/es\/","name":"Corredor Bioce\u00e1nico de Capricornio","description":"Sitio Web del Corredor Bioce\u00e1nico de Capricornio","publisher":{"@id":"https:\/\/corredorbioceanico.org\/es\/#organization"},"potentialAction":[{"@type":"SearchAction","target":{"@type":"EntryPoint","urlTemplate":"https:\/\/corredorbioceanico.org\/es\/?s={search_term_string}"},"query-input":{"@type":"PropertyValueSpecification","valueRequired":true,"valueName":"search_term_string"}}],"inLanguage":"en-US"},{"@type":"Organization","@id":"https:\/\/corredorbioceanico.org\/es\/#organization","name":"Corredor Bioce\u00e1nico de Capricornio","url":"https:\/\/corredorbioceanico.org\/es\/","logo":{"@type":"ImageObject","inLanguage":"en-US","@id":"https:\/\/corredorbioceanico.org\/es\/#\/schema\/logo\/image\/","url":"https:\/\/corredorbioceanico.org\/cms\/wp-content\/uploads\/2025\/02\/CBC_ID_WEB_1B.png","contentUrl":"https:\/\/corredorbioceanico.org\/cms\/wp-content\/uploads\/2025\/02\/CBC_ID_WEB_1B.png","width":652,"height":200,"caption":"Corredor Bioce\u00e1nico de Capricornio"},"image":{"@id":"https:\/\/corredorbioceanico.org\/es\/#\/schema\/logo\/image\/"}}]}},"_links":{"self":[{"href":"https:\/\/corredorbioceanico.org\/en\/wp-json\/wp\/v2\/pages\/29","targetHints":{"allow":["GET"]}}],"collection":[{"href":"https:\/\/corredorbioceanico.org\/en\/wp-json\/wp\/v2\/pages"}],"about":[{"href":"https:\/\/corredorbioceanico.org\/en\/wp-json\/wp\/v2\/types\/page"}],"author":[{"embeddable":true,"href":"https:\/\/corredorbioceanico.org\/en\/wp-json\/wp\/v2\/users\/1"}],"replies":[{"embeddable":true,"href":"https:\/\/corredorbioceanico.org\/en\/wp-json\/wp\/v2\/comments?post=29"}],"version-history":[{"count":30,"href":"https:\/\/corredorbioceanico.org\/en\/wp-json\/wp\/v2\/pages\/29\/revisions"}],"predecessor-version":[{"id":3561,"href":"https:\/\/corredorbioceanico.org\/en\/wp-json\/wp\/v2\/pages\/29\/revisions\/3561"}],"wp:featuredmedia":[{"embeddable":true,"href":"https:\/\/corredorbioceanico.org\/en\/wp-json\/wp\/v2\/media\/3424"}],"wp:attachment":[{"href":"https:\/\/corredorbioceanico.org\/en\/wp-json\/wp\/v2\/media?parent=29"}],"curies":[{"name":"wp","href":"https:\/\/api.w.org\/{rel}","templated":true}]}}