{"id":2860,"date":"2024-10-31T17:46:03","date_gmt":"2024-10-31T20:46:03","guid":{"rendered":"https:\/\/corredorbioceanico.org\/?page_id=2860"},"modified":"2025-02-12T19:00:33","modified_gmt":"2025-02-12T22:00:33","slug":"historia","status":"publish","type":"page","link":"https:\/\/corredorbioceanico.org\/es\/conoce-el-corredor\/historia\/","title":{"rendered":"Historia"},"content":{"rendered":"<p><span style=\"font-weight: 400;\">El primer antecedente de Corredor Bioce\u00e1nico en Am\u00e9rica del Sur data, en rigor, de hace m\u00e1s de medio siglo: se le atribuye al economista y pol\u00edtico brasile\u00f1o <\/span><b>Celso Furtado<\/b><span style=\"font-weight: 400;\">, quien a partir de la d\u00e9cada de 1960 plantea el desaf\u00edo de conectar los oc\u00e9anos Atl\u00e1ntico y Pac\u00edfico a trav\u00e9s de una red de infraestructura que facilitara el comercio y la integraci\u00f3n econ\u00f3mica entre los pa\u00edses sudamericanos; aunque lejana, su visi\u00f3n sent\u00f3 las bases de las futuras iniciativas del Corredor Bioce\u00e1nico de Capricornio.<\/span><\/p>\n<p><span style=\"font-weight: 400;\">Anclados tambi\u00e9n en el siglo XX, la creaci\u00f3n del <\/span><span style=\"font-weight: 400;\">Grupo Empresario Interregional del Centro Oeste Sudamericano (<\/span><b>GEICOS<\/b><span style=\"font-weight: 400;\">) en los a\u00f1os 70, y m\u00e1s tarde de <\/span><span style=\"font-weight: 400;\">la Zona de Integraci\u00f3n del Centro Oeste de Am\u00e9rica del Sur (<\/span><b>ZICOSUR<\/b><span style=\"font-weight: 400;\">) en 1997 fueron otros hitos fundamentales en el relacionamiento de los estados subnacionales de la Argentina, Brasil, Bolivia, Chile y Paraguay. <\/span><span style=\"font-weight: 400;\"><br \/>\n<\/span><span style=\"font-weight: 400;\"><br \/>\n<\/span><span style=\"font-weight: 400;\">Los principales objetivos de ambas iniciativas fueron fomentar la cooperaci\u00f3n transfronteriza y la integraci\u00f3n econ\u00f3mica en la regi\u00f3n, incluyendo el desarrollo de infraestructura y la mejora de la conectividad entre estos pa\u00edses. Su concepto integrador fue crucial para el posterior avance del Corredor Bioce\u00e1nico Capricornio.<\/span><\/p>\n<h3 style=\"text-align: center;\"><b>Siglo XXI: Historia reciente<\/b><\/h3>\n<p><span style=\"font-weight: 400;\">En agosto de 2000, y como parte de la agenda de la Primera Cumbre Sudamericana en Brasilia, se cre\u00f3 la Iniciativa para la Integraci\u00f3n de la Infraestructura Regional Suramericana (<\/span><b>IIRSA<\/b><span style=\"font-weight: 400;\">). Esta iniciativa tuvo como foco promover la integraci\u00f3n f\u00edsica y econ\u00f3mica de la regi\u00f3n sudamericana a trav\u00e9s de proyectos de infraestructura.<\/span><\/p>\n<p><span style=\"font-weight: 400;\">Fruto de las reuniones del IIRSA,en enero de 2009 y durante la tercera reuni\u00f3n de Jefes de Estado de la UNASUR en Quito, tuvo lugar la creaci\u00f3n del Consejo Sudamericano de Infraestructura y Planeamiento (<\/span><b>COSIPLAN<\/b><span style=\"font-weight: 400;\">), cuya finalidad era convertirse en el \u00f3rgano t\u00e9cnico de IIRSA. El objetivo principal del COSIPLAN era encargarse de identificar y priorizar los proyectos que mejorasen la conectividad y la integraci\u00f3n a nivel Am\u00e9rica del Sur, asegurando que estuviesen alineados con los objetivos de desarrollo sostenible de los pa\u00edses miembros.<\/span><span style=\"font-weight: 400;\"><br \/>\n<\/span><span style=\"font-weight: 400;\"><br \/>\n<\/span><span style=\"font-weight: 400;\">Uno de los estudios clave que llev\u00f3 adelante el IIRSA &#8211; COSIPLAN fue el del denominado <\/span><b>Eje de Capricornio<\/b><span style=\"font-weight: 400;\">, una traza bioce\u00e1nica que conecta el puerto de Paranagu\u00e1 en el Atl\u00e1ntico (Estado de Paran\u00e1, Brasil) con Antofagasta en el Pac\u00edfico (Chile), atravesando Argentina, Bolivia y Paraguay.<\/span><\/p>\n<p><span style=\"font-weight: 400;\">En la \u00faltima d\u00e9cada, el antecedente m\u00e1s significativo fue en 2015 la firma de la <strong>\u00abDeclaraci\u00f3n de Asunci\u00f3n sobre Corredores Bioce\u00e1nicos\u00bb<\/strong>, suscrita por los presidentes de Argentina, Brasil, Chile y Paraguay, durante la cumbre del Mercosur en la capital paraguaya. Desde entonces, cada pa\u00eds instruy\u00f3 a su respectivo Ministerio de Relaciones Exteriores a conformar un <strong>Grupo de Trabajo Cuatripartito<\/strong>, que integrase a las \u00e1reas de Infraestructura, Obras P\u00fablicas, Transportes y a otras instituciones vinculadas, con el prop\u00f3sito de impulsar los estudios t\u00e9cnicos y formular las recomendaciones pertinentes para la pronta concreci\u00f3n del Corredor Bioce\u00e1nico de Capricornio.<\/span><\/p>\n<p><span style=\"font-weight: 400;\">Durante casi un lustro, tras la <\/span>Declaraci\u00f3n de Asunci\u00f3n de 2015<span style=\"font-weight: 400;\">, se sucedieron varias reuniones del <\/span>Grupo de Trabajo<span style=\"font-weight: 400;\">. Entre dichas reuniones se destaca la que deriv\u00f3 en la <\/span><b>Declaraci\u00f3n de Brasilia<\/b><span style=\"font-weight: 400;\">, ocurrida en la ciudad hom\u00f3nima en 2017 tambi\u00e9n en el marco del Mercosur, y en la que se destaca la instrucci\u00f3n de desarrollar un <\/span><b>Plan Piloto<\/b><span style=\"font-weight: 400;\"> que le diera seguimiento a los avances realizados en los distintos grupos de trabajo.<\/span><\/p>\n<p><span style=\"font-weight: 400;\">Los avances se vieron detenidos por la pandemia en 2020, y reci\u00e9n a fines de aqu\u00e9l a\u00f1o se retomaron las reuniones de manera virtual. L<\/span><span style=\"font-weight: 400;\">as reuniones del <\/span><b>Grupo de Trabajo Cuatripartito<\/b><span style=\"font-weight: 400;\"> se siguen realizando hasta la actualidad, con un formato anual.<\/span><\/p>\n<h3 style=\"text-align: center;\"><b>El momento del Foro<\/b><\/h3>\n<p><span style=\"font-weight: 400;\">Post-pandemia, los ocho <\/span><span style=\"font-weight: 400;\">estados subnacionales (departamentos, regiones, provincias o estados, seg\u00fan cada pa\u00eds) cuyos territorios son atravesados por el trazado del Corredor y que son los principales beneficiarios de su concreci\u00f3n, formalizaron su intenci\u00f3n de trabajar mancomunadamente para impulsar los avances.\u00a0 <\/span><span style=\"font-weight: 400;\"><br \/>\n<\/span><span style=\"font-weight: 400;\"><br \/>\n<\/span><span style=\"font-weight: 400;\">Para ello se form\u00f3 el <\/span><b>Foro de Integraci\u00f3n del Corredor Bioce\u00e1nico de Capricornio<\/b><span style=\"font-weight: 400;\">, suscripta en la Declaraci\u00f3n de Campo Grande (Brasil), en mayo de 2022 , que es el \u00f3rgano que actualmente impulsa la iniciativa.<\/span><\/p>\n<p><span style=\"font-weight: 400;\">De esta manera,<\/span><span style=\"font-weight: 400;\"> tanto el <\/span><b>Grupo de Trabajo Cuatripartito<\/b><span style=\"font-weight: 400;\"> (a nivel nacional) como el <\/span><b>Foro de Integraci\u00f3n<\/b><span style=\"font-weight: 400;\"> (a nivel subnacional) son instancias de di\u00e1logo institucional que coexisten para la concreci\u00f3n del <\/span><b>Corredor Bioce\u00e1nico de Capricornio<\/b><span style=\"font-weight: 400;\">.<\/span><\/p>\n<p><span style=\"font-weight: 400;\">En <\/span><span style=\"font-weight: 400;\">mayo <\/span><span style=\"font-weight: 400;\">de 2023, como resultado del III Foro realizado en Salta un mes antes, se le solicit\u00f3 al <\/span><b>BID <\/b><span style=\"font-weight: 400;\">(Banco Interamericano de Desarrollo) apoyo estrat\u00e9gico y financiero para constituir un Bien P\u00fablico Regional (<\/span><b>BPR<\/b><span style=\"font-weight: 400;\">).\u00a0<\/span><\/p>\n<p><span style=\"font-weight: 400;\">La solicitud fue aprobada en noviembre de ese mismo a\u00f1o, con el mandato de elaborar un Plan Maestro Regional de Integraci\u00f3n y Desarrollo del Corredor Bioce\u00e1nico de Capricornio (<\/span><b>PM-CBC<\/b><span style=\"font-weight: 400;\">).<\/span><\/p>\n<p><span style=\"font-weight: 400;\">Dicho Plan Maestro<\/span><span style=\"font-weight: 400;\">\u00a0fue estructurado con la directiva de enfocarse en <\/span><span style=\"font-weight: 400;\">tres ejes fundamentales de estudio, que son los que se est\u00e1n desarrollando en la actualidad: de infraestructura f\u00edsica y digital, de comercio y procesos transfronterizos, y de desarrollo productivo local y regional.<\/span><\/p>\n<p><span style=\"font-weight: 400;\">Por \u00faltimo, y a solicitud del Foro, el BPR tiene como una de sus funciones contribuir a desarrollar la institucionalizaci\u00f3n y <\/span><span style=\"font-weight: 400;\">gobernanza para la gesti\u00f3n, implementaci\u00f3n y monitoreo del PM &#8211; CBC.<\/span><\/p>","protected":false},"excerpt":{"rendered":"<p>El primer antecedente de Corredor Bioce\u00e1nico en Am\u00e9rica del Sur data, en rigor, de hace m\u00e1s de medio siglo: se le atribuye al economista y pol\u00edtico brasile\u00f1o Celso Furtado, quien a partir de la d\u00e9cada de 1960 plantea el desaf\u00edo de conectar los oc\u00e9anos Atl\u00e1ntico y Pac\u00edfico a trav\u00e9s de una red de infraestructura que [&hellip;]<\/p>\n","protected":false},"author":1,"featured_media":2263,"parent":2,"menu_order":4,"comment_status":"closed","ping_status":"closed","template":"","meta":{"_acf_changed":false,"_relevanssi_hide_post":"","_relevanssi_hide_content":"","_relevanssi_pin_for_all":"","_relevanssi_pin_keywords":"","_relevanssi_unpin_keywords":"","_relevanssi_related_keywords":"","_relevanssi_related_include_ids":"","_relevanssi_related_exclude_ids":"","_relevanssi_related_no_append":"","_relevanssi_related_not_related":"","_relevanssi_related_posts":"","_relevanssi_noindex_reason":"","footnotes":""},"class_list":["post-2860","page","type-page","status-publish","has-post-thumbnail","hentry"],"acf":[],"yoast_head":"<!-- This site is optimized with the Yoast SEO plugin v25.5 - https:\/\/yoast.com\/wordpress\/plugins\/seo\/ -->\n<title>Historia - Corredor Bioce\u00e1nico de Capricornio<\/title>\n<meta name=\"robots\" content=\"index, follow, max-snippet:-1, max-image-preview:large, max-video-preview:-1\" \/>\n<link rel=\"canonical\" href=\"https:\/\/corredorbioceanico.org\/conoce-el-corredor\/historia\/\" \/>\n<meta property=\"og:locale\" content=\"es_ES\" \/>\n<meta property=\"og:type\" content=\"article\" \/>\n<meta property=\"og:title\" content=\"[:es]Historia[:pb]Hist\u00f3ria[:en]History[:] - Corredor Bioce\u00e1nico de Capricornio\" \/>\n<meta property=\"og:description\" content=\"El primer antecedente de Corredor Bioce\u00e1nico en Am\u00e9rica del Sur data, en rigor, de hace m\u00e1s de medio siglo: se le atribuye al economista y pol\u00edtico brasile\u00f1o Celso Furtado, quien a partir de la d\u00e9cada de 1960 plantea el desaf\u00edo de conectar los oc\u00e9anos Atl\u00e1ntico y Pac\u00edfico a trav\u00e9s de una red de infraestructura que [&hellip;]\" \/>\n<meta property=\"og:url\" content=\"https:\/\/corredorbioceanico.org\/conoce-el-corredor\/historia\/\" \/>\n<meta property=\"og:site_name\" content=\"Corredor Bioce\u00e1nico de Capricornio\" \/>\n<meta property=\"article:modified_time\" content=\"2025-02-12T22:00:33+00:00\" \/>\n<meta property=\"og:image\" content=\"https:\/\/corredorbioceanico.org\/cms\/wp-content\/uploads\/2024\/07\/fotos-corredor-32.jpg\" \/>\n\t<meta property=\"og:image:width\" content=\"1400\" \/>\n\t<meta property=\"og:image:height\" content=\"600\" \/>\n\t<meta property=\"og:image:type\" content=\"image\/jpeg\" \/>\n<meta name=\"twitter:card\" content=\"summary_large_image\" \/>\n<meta name=\"twitter:label1\" content=\"Tiempo de lectura\" \/>\n\t<meta name=\"twitter:data1\" content=\"13 minutos\" \/>\n<script type=\"application\/ld+json\" class=\"yoast-schema-graph\">{\"@context\":\"https:\/\/schema.org\",\"@graph\":[{\"@type\":\"WebPage\",\"@id\":\"https:\/\/corredorbioceanico.org\/conoce-el-corredor\/historia\/\",\"url\":\"https:\/\/corredorbioceanico.org\/conoce-el-corredor\/historia\/\",\"name\":\"[:es]Historia[:pb]Hist\u00f3ria[:en]History[:] - Corredor Bioce\u00e1nico de Capricornio\",\"isPartOf\":{\"@id\":\"https:\/\/corredorbioceanico.org\/es\/#website\"},\"primaryImageOfPage\":{\"@id\":\"https:\/\/corredorbioceanico.org\/conoce-el-corredor\/historia\/#primaryimage\"},\"image\":{\"@id\":\"https:\/\/corredorbioceanico.org\/conoce-el-corredor\/historia\/#primaryimage\"},\"thumbnailUrl\":\"https:\/\/corredorbioceanico.org\/cms\/wp-content\/uploads\/2024\/07\/fotos-corredor-32.jpg\",\"datePublished\":\"2024-10-31T20:46:03+00:00\",\"dateModified\":\"2025-02-12T22:00:33+00:00\",\"breadcrumb\":{\"@id\":\"https:\/\/corredorbioceanico.org\/conoce-el-corredor\/historia\/#breadcrumb\"},\"inLanguage\":\"es\",\"potentialAction\":[{\"@type\":\"ReadAction\",\"target\":[\"https:\/\/corredorbioceanico.org\/conoce-el-corredor\/historia\/\"]}]},{\"@type\":\"ImageObject\",\"inLanguage\":\"es\",\"@id\":\"https:\/\/corredorbioceanico.org\/conoce-el-corredor\/historia\/#primaryimage\",\"url\":\"https:\/\/corredorbioceanico.org\/cms\/wp-content\/uploads\/2024\/07\/fotos-corredor-32.jpg\",\"contentUrl\":\"https:\/\/corredorbioceanico.org\/cms\/wp-content\/uploads\/2024\/07\/fotos-corredor-32.jpg\",\"width\":1400,\"height\":600},{\"@type\":\"BreadcrumbList\",\"@id\":\"https:\/\/corredorbioceanico.org\/conoce-el-corredor\/historia\/#breadcrumb\",\"itemListElement\":[{\"@type\":\"ListItem\",\"position\":1,\"name\":\"Portada\",\"item\":\"https:\/\/corredorbioceanico.org\/es\/\"},{\"@type\":\"ListItem\",\"position\":2,\"name\":\"Conoce el Corredor\",\"item\":\"https:\/\/corredorbioceanico.org\/conoce-el-corredor\/\"},{\"@type\":\"ListItem\",\"position\":3,\"name\":\"Historia\"}]},{\"@type\":\"WebSite\",\"@id\":\"https:\/\/corredorbioceanico.org\/es\/#website\",\"url\":\"https:\/\/corredorbioceanico.org\/es\/\",\"name\":\"Corredor Bioce\u00e1nico de Capricornio\",\"description\":\"Sitio Web del Corredor Bioce\u00e1nico de Capricornio\",\"publisher\":{\"@id\":\"https:\/\/corredorbioceanico.org\/es\/#organization\"},\"potentialAction\":[{\"@type\":\"SearchAction\",\"target\":{\"@type\":\"EntryPoint\",\"urlTemplate\":\"https:\/\/corredorbioceanico.org\/es\/?s={search_term_string}\"},\"query-input\":{\"@type\":\"PropertyValueSpecification\",\"valueRequired\":true,\"valueName\":\"search_term_string\"}}],\"inLanguage\":\"es\"},{\"@type\":\"Organization\",\"@id\":\"https:\/\/corredorbioceanico.org\/es\/#organization\",\"name\":\"Corredor Bioce\u00e1nico de Capricornio\",\"url\":\"https:\/\/corredorbioceanico.org\/es\/\",\"logo\":{\"@type\":\"ImageObject\",\"inLanguage\":\"es\",\"@id\":\"https:\/\/corredorbioceanico.org\/es\/#\/schema\/logo\/image\/\",\"url\":\"https:\/\/corredorbioceanico.org\/cms\/wp-content\/uploads\/2025\/02\/CBC_ID_WEB_1B.png\",\"contentUrl\":\"https:\/\/corredorbioceanico.org\/cms\/wp-content\/uploads\/2025\/02\/CBC_ID_WEB_1B.png\",\"width\":652,\"height\":200,\"caption\":\"Corredor Bioce\u00e1nico de Capricornio\"},\"image\":{\"@id\":\"https:\/\/corredorbioceanico.org\/es\/#\/schema\/logo\/image\/\"}}]}<\/script>\n<!-- \/ Yoast SEO plugin. -->","yoast_head_json":{"title":"[:es]Historia[:pb]Hist\u00f3ria[:en]History[:] - Corredor Bioce\u00e1nico de Capricornio","robots":{"index":"index","follow":"follow","max-snippet":"max-snippet:-1","max-image-preview":"max-image-preview:large","max-video-preview":"max-video-preview:-1"},"canonical":"https:\/\/corredorbioceanico.org\/conoce-el-corredor\/historia\/","og_locale":"es_ES","og_type":"article","og_title":"[:es]Historia[:pb]Hist\u00f3ria[:en]History[:] - Corredor Bioce\u00e1nico de Capricornio","og_description":"El primer antecedente de Corredor Bioce\u00e1nico en Am\u00e9rica del Sur data, en rigor, de hace m\u00e1s de medio siglo: se le atribuye al economista y pol\u00edtico brasile\u00f1o Celso Furtado, quien a partir de la d\u00e9cada de 1960 plantea el desaf\u00edo de conectar los oc\u00e9anos Atl\u00e1ntico y Pac\u00edfico a trav\u00e9s de una red de infraestructura que [&hellip;]","og_url":"https:\/\/corredorbioceanico.org\/conoce-el-corredor\/historia\/","og_site_name":"Corredor Bioce\u00e1nico de Capricornio","article_modified_time":"2025-02-12T22:00:33+00:00","og_image":[{"width":1400,"height":600,"url":"https:\/\/corredorbioceanico.org\/cms\/wp-content\/uploads\/2024\/07\/fotos-corredor-32.jpg","type":"image\/jpeg"}],"twitter_card":"summary_large_image","twitter_misc":{"Tiempo de lectura":"13 minutos"},"schema":{"@context":"https:\/\/schema.org","@graph":[{"@type":"WebPage","@id":"https:\/\/corredorbioceanico.org\/conoce-el-corredor\/historia\/","url":"https:\/\/corredorbioceanico.org\/conoce-el-corredor\/historia\/","name":"[:es]Historia[:pb]Hist\u00f3ria[:en]History[:] - Corredor Bioce\u00e1nico de Capricornio","isPartOf":{"@id":"https:\/\/corredorbioceanico.org\/es\/#website"},"primaryImageOfPage":{"@id":"https:\/\/corredorbioceanico.org\/conoce-el-corredor\/historia\/#primaryimage"},"image":{"@id":"https:\/\/corredorbioceanico.org\/conoce-el-corredor\/historia\/#primaryimage"},"thumbnailUrl":"https:\/\/corredorbioceanico.org\/cms\/wp-content\/uploads\/2024\/07\/fotos-corredor-32.jpg","datePublished":"2024-10-31T20:46:03+00:00","dateModified":"2025-02-12T22:00:33+00:00","breadcrumb":{"@id":"https:\/\/corredorbioceanico.org\/conoce-el-corredor\/historia\/#breadcrumb"},"inLanguage":"es","potentialAction":[{"@type":"ReadAction","target":["https:\/\/corredorbioceanico.org\/conoce-el-corredor\/historia\/"]}]},{"@type":"ImageObject","inLanguage":"es","@id":"https:\/\/corredorbioceanico.org\/conoce-el-corredor\/historia\/#primaryimage","url":"https:\/\/corredorbioceanico.org\/cms\/wp-content\/uploads\/2024\/07\/fotos-corredor-32.jpg","contentUrl":"https:\/\/corredorbioceanico.org\/cms\/wp-content\/uploads\/2024\/07\/fotos-corredor-32.jpg","width":1400,"height":600},{"@type":"BreadcrumbList","@id":"https:\/\/corredorbioceanico.org\/conoce-el-corredor\/historia\/#breadcrumb","itemListElement":[{"@type":"ListItem","position":1,"name":"Portada","item":"https:\/\/corredorbioceanico.org\/es\/"},{"@type":"ListItem","position":2,"name":"Conoce el Corredor","item":"https:\/\/corredorbioceanico.org\/conoce-el-corredor\/"},{"@type":"ListItem","position":3,"name":"Historia"}]},{"@type":"WebSite","@id":"https:\/\/corredorbioceanico.org\/es\/#website","url":"https:\/\/corredorbioceanico.org\/es\/","name":"Corredor Bioce\u00e1nico de Capricornio","description":"Sitio Web del Corredor Bioce\u00e1nico de Capricornio","publisher":{"@id":"https:\/\/corredorbioceanico.org\/es\/#organization"},"potentialAction":[{"@type":"SearchAction","target":{"@type":"EntryPoint","urlTemplate":"https:\/\/corredorbioceanico.org\/es\/?s={search_term_string}"},"query-input":{"@type":"PropertyValueSpecification","valueRequired":true,"valueName":"search_term_string"}}],"inLanguage":"es"},{"@type":"Organization","@id":"https:\/\/corredorbioceanico.org\/es\/#organization","name":"Corredor Bioce\u00e1nico de Capricornio","url":"https:\/\/corredorbioceanico.org\/es\/","logo":{"@type":"ImageObject","inLanguage":"es","@id":"https:\/\/corredorbioceanico.org\/es\/#\/schema\/logo\/image\/","url":"https:\/\/corredorbioceanico.org\/cms\/wp-content\/uploads\/2025\/02\/CBC_ID_WEB_1B.png","contentUrl":"https:\/\/corredorbioceanico.org\/cms\/wp-content\/uploads\/2025\/02\/CBC_ID_WEB_1B.png","width":652,"height":200,"caption":"Corredor Bioce\u00e1nico de Capricornio"},"image":{"@id":"https:\/\/corredorbioceanico.org\/es\/#\/schema\/logo\/image\/"}}]}},"_links":{"self":[{"href":"https:\/\/corredorbioceanico.org\/es\/wp-json\/wp\/v2\/pages\/2860","targetHints":{"allow":["GET"]}}],"collection":[{"href":"https:\/\/corredorbioceanico.org\/es\/wp-json\/wp\/v2\/pages"}],"about":[{"href":"https:\/\/corredorbioceanico.org\/es\/wp-json\/wp\/v2\/types\/page"}],"author":[{"embeddable":true,"href":"https:\/\/corredorbioceanico.org\/es\/wp-json\/wp\/v2\/users\/1"}],"replies":[{"embeddable":true,"href":"https:\/\/corredorbioceanico.org\/es\/wp-json\/wp\/v2\/comments?post=2860"}],"version-history":[{"count":11,"href":"https:\/\/corredorbioceanico.org\/es\/wp-json\/wp\/v2\/pages\/2860\/revisions"}],"predecessor-version":[{"id":3563,"href":"https:\/\/corredorbioceanico.org\/es\/wp-json\/wp\/v2\/pages\/2860\/revisions\/3563"}],"up":[{"embeddable":true,"href":"https:\/\/corredorbioceanico.org\/es\/wp-json\/wp\/v2\/pages\/2"}],"wp:featuredmedia":[{"embeddable":true,"href":"https:\/\/corredorbioceanico.org\/es\/wp-json\/wp\/v2\/media\/2263"}],"wp:attachment":[{"href":"https:\/\/corredorbioceanico.org\/es\/wp-json\/wp\/v2\/media?parent=2860"}],"curies":[{"name":"wp","href":"https:\/\/api.w.org\/{rel}","templated":true}]}}