{"id":2882,"date":"2024-11-04T12:38:56","date_gmt":"2024-11-04T15:38:56","guid":{"rendered":"https:\/\/corredorbioceanico.org\/?page_id=2882"},"modified":"2025-08-07T12:25:56","modified_gmt":"2025-08-07T15:25:56","slug":"que-es","status":"publish","type":"page","link":"https:\/\/corredorbioceanico.org\/es\/plan-maestro\/que-es\/","title":{"rendered":"Sobre el plan maestro"},"content":{"rendered":"<p><\/p>\n<h3><strong>\u00bfQu\u00e9 es el Plan Maestro del CBC?<\/strong><\/h3>\n<p><span class=\"TextRun Highlight SCXW73861088 BCX0\" lang=\"ES-AR\" xml:lang=\"ES-AR\" data-contrast=\"auto\"><span class=\"NormalTextRun SCXW73861088 BCX0\">El <\/span><\/span><strong><span class=\"TextRun Highlight SCXW73861088 BCX0\" lang=\"ES-AR\" xml:lang=\"ES-AR\" data-contrast=\"auto\"><span class=\"NormalTextRun SCXW73861088 BCX0\">Plan Maestro Regional de Integraci\u00f3n y Desarrollo del Corredor Bioce\u00e1nico de Capricornio (PM-CBC)<\/span><\/span><\/strong><span class=\"TextRun Highlight SCXW73861088 BCX0\" lang=\"ES-AR\" xml:lang=\"ES-AR\" data-contrast=\"auto\"><span class=\"NormalTextRun SCXW73861088 BCX0\"> es un instrumento <\/span><span class=\"NormalTextRun SCXW73861088 BCX0\">de planificaci\u00f3n regional <\/span><span class=\"NormalTextRun SCXW73861088 BCX0\">financiado por el Banco Interamericano de Desarrollo (BID) en el marco de la Iniciativa de Bienes P\u00fablicos Regionales<\/span><span class=\"NormalTextRun SCXW73861088 BCX0\">. F<\/span><span class=\"NormalTextRun SCXW73861088 BCX0\">ue<\/span> <span class=\"NormalTextRun SCXW73861088 BCX0\">solicitado por<\/span><span class=\"NormalTextRun SCXW73861088 BCX0\"> los ocho territorios subnacionales <\/span><span class=\"NormalTextRun SCXW73861088 BCX0\">que integran<\/span> <span class=\"NormalTextRun SCXW73861088 BCX0\">el<\/span><span class=\"NormalTextRun SCXW73861088 BCX0\"> corredor <\/span><span class=\"NormalTextRun SCXW73861088 BCX0\">para<\/span><span class=\"NormalTextRun SCXW73861088 BCX0\"> apoyar<\/span><span class=\"NormalTextRun SCXW73861088 BCX0\"> la planificaci\u00f3n conjunta de proyectos y acciones de integraci\u00f3n.<\/span><\/span><span class=\"EOP SCXW73861088 BCX0\" data-ccp-props=\"{}\">\u00a0<\/span><\/p>\n<h3><strong>\u00bfPor qu\u00e9 es importante?<\/strong><\/h3>\n<p><span class=\"TextRun Highlight SCXW236513399 BCX0\" lang=\"ES-AR\" xml:lang=\"ES-AR\" data-contrast=\"auto\"><span class=\"NormalTextRun SCXW236513399 BCX0\">Porque permite <\/span><span class=\"NormalTextRun SCXW236513399 BCX0\">construir<\/span><span class=\"NormalTextRun SCXW236513399 BCX0\"> una hoja de ruta consensuada y articulada para impulsar proyectos estrat\u00e9gicos y coordinar inversiones. <\/span><\/span><strong><span class=\"TextRun Highlight SCXW236513399 BCX0\" lang=\"ES-AR\" xml:lang=\"ES-AR\" data-contrast=\"auto\"><span class=\"NormalTextRun SCXW236513399 BCX0\">Su objetivo es <\/span><span class=\"NormalTextRun SCXW236513399 BCX0\">mejora<\/span><span class=\"NormalTextRun SCXW236513399 BCX0\">r<\/span><span class=\"NormalTextRun SCXW236513399 BCX0\"> la conectividad, <\/span><span class=\"NormalTextRun SCXW236513399 BCX0\">promover<\/span><span class=\"NormalTextRun SCXW236513399 BCX0\"> el comercio intrarregional y apoyar el desarrollo productivo de las econom\u00edas regionales<\/span><\/span><\/strong><span class=\"TextRun Highlight SCXW236513399 BCX0\" lang=\"ES-AR\" xml:lang=\"ES-AR\" data-contrast=\"auto\"><span class=\"NormalTextRun SCXW236513399 BCX0\"><strong>,<\/strong> contribuyendo as\u00ed a que la iniciativa del CBC avance con una visi\u00f3n integral y sostenible <\/span><span class=\"NormalTextRun SCXW236513399 BCX0\">en<\/span><span class=\"NormalTextRun SCXW236513399 BCX0\"> los territorios que <\/span><span class=\"NormalTextRun SCXW236513399 BCX0\">la integran.<\/span><\/span><span class=\"EOP SCXW236513399 BCX0\" data-ccp-props=\"{}\">\u00a0<\/span><\/p>","protected":false},"excerpt":{"rendered":"<p>\u00bfQu\u00e9 es el Plan Maestro del CBC? El Plan Maestro Regional de Integraci\u00f3n y Desarrollo del Corredor Bioce\u00e1nico de Capricornio (PM-CBC) es un instrumento de planificaci\u00f3n regional financiado por el Banco Interamericano de Desarrollo (BID) en el marco de la Iniciativa de Bienes P\u00fablicos Regionales. Fue solicitado por los ocho territorios subnacionales que integran el [&hellip;]<\/p>\n","protected":false},"author":1,"featured_media":3437,"parent":12,"menu_order":1,"comment_status":"closed","ping_status":"closed","template":"","meta":{"_acf_changed":false,"_relevanssi_hide_post":"","_relevanssi_hide_content":"","_relevanssi_pin_for_all":"","_relevanssi_pin_keywords":"","_relevanssi_unpin_keywords":"","_relevanssi_related_keywords":"","_relevanssi_related_include_ids":"","_relevanssi_related_exclude_ids":"","_relevanssi_related_no_append":"","_relevanssi_related_not_related":"","_relevanssi_related_posts":"","_relevanssi_noindex_reason":"","footnotes":""},"class_list":["post-2882","page","type-page","status-publish","has-post-thumbnail","hentry"],"acf":[],"yoast_head":"<!-- This site is optimized with the Yoast SEO plugin v25.5 - https:\/\/yoast.com\/wordpress\/plugins\/seo\/ -->\n<title>Sobre el plan maestro - Corredor Bioce\u00e1nico de Capricornio<\/title>\n<meta name=\"robots\" content=\"index, follow, max-snippet:-1, max-image-preview:large, max-video-preview:-1\" \/>\n<link rel=\"canonical\" href=\"https:\/\/corredorbioceanico.org\/plan-maestro\/que-es\/\" \/>\n<meta property=\"og:locale\" content=\"es_ES\" \/>\n<meta property=\"og:type\" content=\"article\" \/>\n<meta property=\"og:title\" content=\"[:es]Sobre el plan maestro[:pb]Sobre o Plano Mestre[:en]About Master Plan[:] - Corredor Bioce\u00e1nico de Capricornio\" \/>\n<meta property=\"og:description\" content=\"\u00bfQu\u00e9 es el Plan Maestro del CBC? El Plan Maestro Regional de Integraci\u00f3n y Desarrollo del Corredor Bioce\u00e1nico de Capricornio (PM-CBC) es un instrumento de planificaci\u00f3n regional financiado por el Banco Interamericano de Desarrollo (BID) en el marco de la Iniciativa de Bienes P\u00fablicos Regionales. Fue solicitado por los ocho territorios subnacionales que integran el [&hellip;]\" \/>\n<meta property=\"og:url\" content=\"https:\/\/corredorbioceanico.org\/plan-maestro\/que-es\/\" \/>\n<meta property=\"og:site_name\" content=\"Corredor Bioce\u00e1nico de Capricornio\" \/>\n<meta property=\"article:modified_time\" content=\"2025-08-07T15:25:56+00:00\" \/>\n<meta property=\"og:image\" content=\"https:\/\/corredorbioceanico.org\/cms\/wp-content\/uploads\/2025\/01\/Chaco-Paraguay-Paraguay_1.jpg\" \/>\n\t<meta property=\"og:image:width\" content=\"1400\" \/>\n\t<meta property=\"og:image:height\" content=\"800\" \/>\n\t<meta property=\"og:image:type\" content=\"image\/jpeg\" \/>\n<meta name=\"twitter:card\" content=\"summary_large_image\" \/>\n<meta name=\"twitter:label1\" content=\"Tiempo de lectura\" \/>\n\t<meta name=\"twitter:data1\" content=\"1 minuto\" \/>\n<script type=\"application\/ld+json\" class=\"yoast-schema-graph\">{\"@context\":\"https:\/\/schema.org\",\"@graph\":[{\"@type\":\"WebPage\",\"@id\":\"https:\/\/corredorbioceanico.org\/plan-maestro\/que-es\/\",\"url\":\"https:\/\/corredorbioceanico.org\/plan-maestro\/que-es\/\",\"name\":\"[:es]Sobre el plan maestro[:pb]Sobre o Plano Mestre[:en]About Master Plan[:] - Corredor Bioce\u00e1nico de Capricornio\",\"isPartOf\":{\"@id\":\"https:\/\/corredorbioceanico.org\/es\/#website\"},\"primaryImageOfPage\":{\"@id\":\"https:\/\/corredorbioceanico.org\/plan-maestro\/que-es\/#primaryimage\"},\"image\":{\"@id\":\"https:\/\/corredorbioceanico.org\/plan-maestro\/que-es\/#primaryimage\"},\"thumbnailUrl\":\"https:\/\/corredorbioceanico.org\/cms\/wp-content\/uploads\/2025\/01\/Chaco-Paraguay-Paraguay_1.jpg\",\"datePublished\":\"2024-11-04T15:38:56+00:00\",\"dateModified\":\"2025-08-07T15:25:56+00:00\",\"breadcrumb\":{\"@id\":\"https:\/\/corredorbioceanico.org\/plan-maestro\/que-es\/#breadcrumb\"},\"inLanguage\":\"es\",\"potentialAction\":[{\"@type\":\"ReadAction\",\"target\":[\"https:\/\/corredorbioceanico.org\/plan-maestro\/que-es\/\"]}]},{\"@type\":\"ImageObject\",\"inLanguage\":\"es\",\"@id\":\"https:\/\/corredorbioceanico.org\/plan-maestro\/que-es\/#primaryimage\",\"url\":\"https:\/\/corredorbioceanico.org\/cms\/wp-content\/uploads\/2025\/01\/Chaco-Paraguay-Paraguay_1.jpg\",\"contentUrl\":\"https:\/\/corredorbioceanico.org\/cms\/wp-content\/uploads\/2025\/01\/Chaco-Paraguay-Paraguay_1.jpg\",\"width\":1400,\"height\":800},{\"@type\":\"BreadcrumbList\",\"@id\":\"https:\/\/corredorbioceanico.org\/plan-maestro\/que-es\/#breadcrumb\",\"itemListElement\":[{\"@type\":\"ListItem\",\"position\":1,\"name\":\"Portada\",\"item\":\"https:\/\/corredorbioceanico.org\/es\/\"},{\"@type\":\"ListItem\",\"position\":2,\"name\":\"Plan Maestro\",\"item\":\"https:\/\/corredorbioceanico.org\/plan-maestro\/\"},{\"@type\":\"ListItem\",\"position\":3,\"name\":\"Sobre el plan maestro\"}]},{\"@type\":\"WebSite\",\"@id\":\"https:\/\/corredorbioceanico.org\/es\/#website\",\"url\":\"https:\/\/corredorbioceanico.org\/es\/\",\"name\":\"Corredor Bioce\u00e1nico de Capricornio\",\"description\":\"Sitio Web del Corredor Bioce\u00e1nico de Capricornio\",\"publisher\":{\"@id\":\"https:\/\/corredorbioceanico.org\/es\/#organization\"},\"potentialAction\":[{\"@type\":\"SearchAction\",\"target\":{\"@type\":\"EntryPoint\",\"urlTemplate\":\"https:\/\/corredorbioceanico.org\/es\/?s={search_term_string}\"},\"query-input\":{\"@type\":\"PropertyValueSpecification\",\"valueRequired\":true,\"valueName\":\"search_term_string\"}}],\"inLanguage\":\"es\"},{\"@type\":\"Organization\",\"@id\":\"https:\/\/corredorbioceanico.org\/es\/#organization\",\"name\":\"Corredor Bioce\u00e1nico de Capricornio\",\"url\":\"https:\/\/corredorbioceanico.org\/es\/\",\"logo\":{\"@type\":\"ImageObject\",\"inLanguage\":\"es\",\"@id\":\"https:\/\/corredorbioceanico.org\/es\/#\/schema\/logo\/image\/\",\"url\":\"https:\/\/corredorbioceanico.org\/cms\/wp-content\/uploads\/2025\/02\/CBC_ID_WEB_1B.png\",\"contentUrl\":\"https:\/\/corredorbioceanico.org\/cms\/wp-content\/uploads\/2025\/02\/CBC_ID_WEB_1B.png\",\"width\":652,\"height\":200,\"caption\":\"Corredor Bioce\u00e1nico de Capricornio\"},\"image\":{\"@id\":\"https:\/\/corredorbioceanico.org\/es\/#\/schema\/logo\/image\/\"}}]}<\/script>\n<!-- \/ Yoast SEO plugin. -->","yoast_head_json":{"title":"[:es]Sobre el plan maestro[:pb]Sobre o Plano Mestre[:en]About Master Plan[:] - Corredor Bioce\u00e1nico de Capricornio","robots":{"index":"index","follow":"follow","max-snippet":"max-snippet:-1","max-image-preview":"max-image-preview:large","max-video-preview":"max-video-preview:-1"},"canonical":"https:\/\/corredorbioceanico.org\/plan-maestro\/que-es\/","og_locale":"es_ES","og_type":"article","og_title":"[:es]Sobre el plan maestro[:pb]Sobre o Plano Mestre[:en]About Master Plan[:] - Corredor Bioce\u00e1nico de Capricornio","og_description":"\u00bfQu\u00e9 es el Plan Maestro del CBC? El Plan Maestro Regional de Integraci\u00f3n y Desarrollo del Corredor Bioce\u00e1nico de Capricornio (PM-CBC) es un instrumento de planificaci\u00f3n regional financiado por el Banco Interamericano de Desarrollo (BID) en el marco de la Iniciativa de Bienes P\u00fablicos Regionales. Fue solicitado por los ocho territorios subnacionales que integran el [&hellip;]","og_url":"https:\/\/corredorbioceanico.org\/plan-maestro\/que-es\/","og_site_name":"Corredor Bioce\u00e1nico de Capricornio","article_modified_time":"2025-08-07T15:25:56+00:00","og_image":[{"width":1400,"height":800,"url":"https:\/\/corredorbioceanico.org\/cms\/wp-content\/uploads\/2025\/01\/Chaco-Paraguay-Paraguay_1.jpg","type":"image\/jpeg"}],"twitter_card":"summary_large_image","twitter_misc":{"Tiempo de lectura":"1 minuto"},"schema":{"@context":"https:\/\/schema.org","@graph":[{"@type":"WebPage","@id":"https:\/\/corredorbioceanico.org\/plan-maestro\/que-es\/","url":"https:\/\/corredorbioceanico.org\/plan-maestro\/que-es\/","name":"[:es]Sobre el plan maestro[:pb]Sobre o Plano Mestre[:en]About Master Plan[:] - Corredor Bioce\u00e1nico de Capricornio","isPartOf":{"@id":"https:\/\/corredorbioceanico.org\/es\/#website"},"primaryImageOfPage":{"@id":"https:\/\/corredorbioceanico.org\/plan-maestro\/que-es\/#primaryimage"},"image":{"@id":"https:\/\/corredorbioceanico.org\/plan-maestro\/que-es\/#primaryimage"},"thumbnailUrl":"https:\/\/corredorbioceanico.org\/cms\/wp-content\/uploads\/2025\/01\/Chaco-Paraguay-Paraguay_1.jpg","datePublished":"2024-11-04T15:38:56+00:00","dateModified":"2025-08-07T15:25:56+00:00","breadcrumb":{"@id":"https:\/\/corredorbioceanico.org\/plan-maestro\/que-es\/#breadcrumb"},"inLanguage":"es","potentialAction":[{"@type":"ReadAction","target":["https:\/\/corredorbioceanico.org\/plan-maestro\/que-es\/"]}]},{"@type":"ImageObject","inLanguage":"es","@id":"https:\/\/corredorbioceanico.org\/plan-maestro\/que-es\/#primaryimage","url":"https:\/\/corredorbioceanico.org\/cms\/wp-content\/uploads\/2025\/01\/Chaco-Paraguay-Paraguay_1.jpg","contentUrl":"https:\/\/corredorbioceanico.org\/cms\/wp-content\/uploads\/2025\/01\/Chaco-Paraguay-Paraguay_1.jpg","width":1400,"height":800},{"@type":"BreadcrumbList","@id":"https:\/\/corredorbioceanico.org\/plan-maestro\/que-es\/#breadcrumb","itemListElement":[{"@type":"ListItem","position":1,"name":"Portada","item":"https:\/\/corredorbioceanico.org\/es\/"},{"@type":"ListItem","position":2,"name":"Plan Maestro","item":"https:\/\/corredorbioceanico.org\/plan-maestro\/"},{"@type":"ListItem","position":3,"name":"Sobre el plan maestro"}]},{"@type":"WebSite","@id":"https:\/\/corredorbioceanico.org\/es\/#website","url":"https:\/\/corredorbioceanico.org\/es\/","name":"Corredor Bioce\u00e1nico de Capricornio","description":"Sitio Web del Corredor Bioce\u00e1nico de Capricornio","publisher":{"@id":"https:\/\/corredorbioceanico.org\/es\/#organization"},"potentialAction":[{"@type":"SearchAction","target":{"@type":"EntryPoint","urlTemplate":"https:\/\/corredorbioceanico.org\/es\/?s={search_term_string}"},"query-input":{"@type":"PropertyValueSpecification","valueRequired":true,"valueName":"search_term_string"}}],"inLanguage":"es"},{"@type":"Organization","@id":"https:\/\/corredorbioceanico.org\/es\/#organization","name":"Corredor Bioce\u00e1nico de Capricornio","url":"https:\/\/corredorbioceanico.org\/es\/","logo":{"@type":"ImageObject","inLanguage":"es","@id":"https:\/\/corredorbioceanico.org\/es\/#\/schema\/logo\/image\/","url":"https:\/\/corredorbioceanico.org\/cms\/wp-content\/uploads\/2025\/02\/CBC_ID_WEB_1B.png","contentUrl":"https:\/\/corredorbioceanico.org\/cms\/wp-content\/uploads\/2025\/02\/CBC_ID_WEB_1B.png","width":652,"height":200,"caption":"Corredor Bioce\u00e1nico de Capricornio"},"image":{"@id":"https:\/\/corredorbioceanico.org\/es\/#\/schema\/logo\/image\/"}}]}},"_links":{"self":[{"href":"https:\/\/corredorbioceanico.org\/es\/wp-json\/wp\/v2\/pages\/2882","targetHints":{"allow":["GET"]}}],"collection":[{"href":"https:\/\/corredorbioceanico.org\/es\/wp-json\/wp\/v2\/pages"}],"about":[{"href":"https:\/\/corredorbioceanico.org\/es\/wp-json\/wp\/v2\/types\/page"}],"author":[{"embeddable":true,"href":"https:\/\/corredorbioceanico.org\/es\/wp-json\/wp\/v2\/users\/1"}],"replies":[{"embeddable":true,"href":"https:\/\/corredorbioceanico.org\/es\/wp-json\/wp\/v2\/comments?post=2882"}],"version-history":[{"count":19,"href":"https:\/\/corredorbioceanico.org\/es\/wp-json\/wp\/v2\/pages\/2882\/revisions"}],"predecessor-version":[{"id":3814,"href":"https:\/\/corredorbioceanico.org\/es\/wp-json\/wp\/v2\/pages\/2882\/revisions\/3814"}],"up":[{"embeddable":true,"href":"https:\/\/corredorbioceanico.org\/es\/wp-json\/wp\/v2\/pages\/12"}],"wp:featuredmedia":[{"embeddable":true,"href":"https:\/\/corredorbioceanico.org\/es\/wp-json\/wp\/v2\/media\/3437"}],"wp:attachment":[{"href":"https:\/\/corredorbioceanico.org\/es\/wp-json\/wp\/v2\/media?parent=2882"}],"curies":[{"name":"wp","href":"https:\/\/api.w.org\/{rel}","templated":true}]}}