{"id":29,"date":"2020-08-22T20:43:46","date_gmt":"2020-08-23T00:43:46","guid":{"rendered":"https:\/\/corredorbioceanico.org\/cms\/?page_id=29"},"modified":"2025-05-05T11:55:45","modified_gmt":"2025-05-05T14:55:45","slug":"que-es-el-corredor","status":"publish","type":"page","link":"https:\/\/corredorbioceanico.org\/es\/que-es-el-corredor\/","title":{"rendered":"Qu\u00e9 es el Corredor"},"content":{"rendered":"<p><strong>El Corredor Bioce\u00e1nico de Capricornio (CBC) es una iniciativa multilateral para la integraci\u00f3n y el\u00a0 desarrollo de alcance regional. Se basa en su potencial para transformar significativamente la log\u00edstica y el comercio en la regi\u00f3n, y para contribuir al desarrollo de los pa\u00edses y territorios subnacionales involucrados. El Corredor une las zonas mediterr\u00e1neas del centro-oeste brasile\u00f1o, el norte de Paraguay, Argentina y Chile con acceso estrat\u00e9gico a los oc\u00e9anos Atl\u00e1ntico y Pac\u00edfico, creando un enlace entre el puerto de Santos (Brasil) y los puertos del norte de Chile.<\/strong><\/p>\n<p><span style=\"font-weight: 400;\">Fundamentado en antecedentes que se remontan a la d\u00e9cada de 1960, el impulso que toma actualmente el CBC est\u00e1 promovido por los cuatro pa\u00edses que lo integran y los ocho estados subnacionales cuyos territorios son atravesados por el trazado del Corredor: Tarapac<\/span><span style=\"font-weight: 400;\">\u00e1<\/span><span style=\"font-weight: 400;\">,<\/span> <span style=\"font-weight: 400;\">Antofagasta, Jujuy, Salta, Presidente Hayes, Boquer\u00f3n, Alto Paraguay y Mato Grosso do Sul.<\/span><span style=\"font-weight: 400;\"><br \/>\n<\/span><span style=\"font-weight: 400;\"><br \/>\n<\/span><span style=\"font-weight: 400;\">La piedra fundacional de esta iniciativa fue erigida <\/span><span style=\"font-weight: 400;\">en 2015, con la suscripci\u00f3n de la \u00abDeclaraci\u00f3n de Asunci\u00f3n sobre Corredores Bioce\u00e1nicos\u00bb, firmada por los presidentes de Argentina, Brasil, Chile y Paraguay. Como consecuencia de dicha declaraci\u00f3n se form\u00f3 el Grupo de Trabajo Cuatripartito, integrado por los Ministerios de Relaciones Exteriores de los cuatro pa\u00edses, que llev\u00f3 adelante varias instancias de trabajo durante el siguiente lustro.\u00a0<\/span><\/p>\n<p><span style=\"font-weight: 400;\">Despu\u00e9s de la par\u00e1lisis global que se produjo debido a la pandemia, los ocho <\/span><span style=\"font-weight: 400;\">territorios subnacionales (departamentos, regiones, provincias y estados, seg\u00fan cada pa\u00eds) formalizaron su intenci\u00f3n de trabajar mancomunadamente bajo el Foro de Integraci\u00f3n del Corredor Bioce\u00e1nico de Capricornio, suscripta por los estados subnacionales en la Declaraci\u00f3n de Campo Grande (Brasil), en mayo de 2022.\u00a0<\/span><\/p>\n<p><span style=\"font-weight: 400;\">Un a\u00f1o m\u00e1s tarde, como resultado de III Foro de Integraci\u00f3n realizado en Salta, <\/span><span style=\"font-weight: 400;\">se le solicit\u00f3 al <\/span><b>BID <\/b><span style=\"font-weight: 400;\">(Banco Interamericano de Desarrollo) apoyo estrat\u00e9gico y financiero para constituir un Bien P\u00fablico Regional (<\/span><b>BPR<\/b><span style=\"font-weight: 400;\">), <\/span><span style=\"font-weight: 400;\">cuya meta principal fuera la elaboraci\u00f3n de un <\/span> <a href=\"https:\/\/www.iadb.org\/es\/proyecto\/RG-T4399\" target=\"_blank\" rel=\"noopener\">Plan Maestro Regional de Integraci\u00f3n y Desarrollo del Corredor Bioce\u00e1nico de Capricornio (PM-CBC)<\/a>.<\/p>\n<p><img decoding=\"async\" class=\"alignnone size-full wp-image-2943\" style=\"margin: 60px 0;\" src=\"https:\/\/corredorbioceanico.org\/cms\/wp-content\/uploads\/2025\/01\/estadisticas.jpg\" alt=\"\" width=\"100%\" height=\"auto\" \/><\/p>","protected":false},"excerpt":{"rendered":"<p>El Corredor Bioce\u00e1nico de Capricornio (CBC) es una iniciativa multilateral para la integraci\u00f3n y el\u00a0 desarrollo de alcance regional. Se basa en su potencial para transformar significativamente la log\u00edstica y el comercio en la regi\u00f3n, y para contribuir al desarrollo de los pa\u00edses y territorios subnacionales involucrados. El Corredor une las zonas mediterr\u00e1neas del centro-oeste [&hellip;]<\/p>\n","protected":false},"author":1,"featured_media":3424,"parent":0,"menu_order":1,"comment_status":"closed","ping_status":"closed","template":"","meta":{"_acf_changed":false,"_relevanssi_hide_post":"","_relevanssi_hide_content":"","_relevanssi_pin_for_all":"","_relevanssi_pin_keywords":"","_relevanssi_unpin_keywords":"","_relevanssi_related_keywords":"","_relevanssi_related_include_ids":"","_relevanssi_related_exclude_ids":"","_relevanssi_related_no_append":"","_relevanssi_related_not_related":"","_relevanssi_related_posts":"","_relevanssi_noindex_reason":"","footnotes":""},"class_list":["post-29","page","type-page","status-publish","has-post-thumbnail","hentry"],"acf":[],"yoast_head":"<!-- This site is optimized with the Yoast SEO plugin v25.5 - https:\/\/yoast.com\/wordpress\/plugins\/seo\/ -->\n<title>Qu\u00e9 es el Corredor - Corredor Bioce\u00e1nico de Capricornio<\/title>\n<meta name=\"description\" content=\"El Corredor Bioce\u00e1nico de Capricornio (CBC) es una iniciativa multilateral para la integraci\u00f3n y el\u00a0 desarrollo de alcance regional. El Corredor une las zonas mediterr\u00e1neas del centro-oeste brasile\u00f1o, el norte de Paraguay, Argentina y Chile con acceso estrat\u00e9gico a los oc\u00e9anos Atl\u00e1ntico y Pac\u00edfico, creando un enlace entre el puerto de Santos (Brasil) y los puertos del norte de Chile.\" \/>\n<meta name=\"robots\" content=\"index, follow, max-snippet:-1, max-image-preview:large, max-video-preview:-1\" \/>\n<link rel=\"canonical\" href=\"https:\/\/corredorbioceanico.org\/que-es-el-corredor\/\" \/>\n<meta property=\"og:locale\" content=\"es_ES\" \/>\n<meta property=\"og:type\" content=\"article\" \/>\n<meta property=\"og:title\" content=\"[:es]Qu\u00e9 es el Corredor[:pb]O que \u00e9 o Corredor[:en]What is the Corridor[:] - Corredor Bioce\u00e1nico de Capricornio\" \/>\n<meta property=\"og:description\" content=\"El Corredor Bioce\u00e1nico de Capricornio (CBC) es una iniciativa multilateral para la integraci\u00f3n y el\u00a0 desarrollo de alcance regional. El Corredor une las zonas mediterr\u00e1neas del centro-oeste brasile\u00f1o, el norte de Paraguay, Argentina y Chile con acceso estrat\u00e9gico a los oc\u00e9anos Atl\u00e1ntico y Pac\u00edfico, creando un enlace entre el puerto de Santos (Brasil) y los puertos del norte de Chile.\" \/>\n<meta property=\"og:url\" content=\"https:\/\/corredorbioceanico.org\/que-es-el-corredor\/\" \/>\n<meta property=\"og:site_name\" content=\"Corredor Bioce\u00e1nico de Capricornio\" \/>\n<meta property=\"article:modified_time\" content=\"2025-05-05T14:55:45+00:00\" \/>\n<meta property=\"og:image\" content=\"https:\/\/corredorbioceanico.org\/cms\/wp-content\/uploads\/2025\/01\/Puerto-de-Iquique-Tarapaca-Chile.jpg\" \/>\n\t<meta property=\"og:image:width\" content=\"1394\" \/>\n\t<meta property=\"og:image:height\" content=\"784\" \/>\n\t<meta property=\"og:image:type\" content=\"image\/jpeg\" \/>\n<meta name=\"twitter:card\" content=\"summary_large_image\" \/>\n<meta name=\"twitter:label1\" content=\"Tiempo de lectura\" \/>\n\t<meta name=\"twitter:data1\" content=\"2 minutos\" \/>\n<script type=\"application\/ld+json\" class=\"yoast-schema-graph\">{\"@context\":\"https:\/\/schema.org\",\"@graph\":[{\"@type\":\"WebPage\",\"@id\":\"https:\/\/corredorbioceanico.org\/que-es-el-corredor\/\",\"url\":\"https:\/\/corredorbioceanico.org\/que-es-el-corredor\/\",\"name\":\"[:es]Qu\u00e9 es el Corredor[:pb]O que \u00e9 o Corredor[:en]What is the Corridor[:] - Corredor Bioce\u00e1nico de Capricornio\",\"isPartOf\":{\"@id\":\"https:\/\/corredorbioceanico.org\/es\/#website\"},\"primaryImageOfPage\":{\"@id\":\"https:\/\/corredorbioceanico.org\/que-es-el-corredor\/#primaryimage\"},\"image\":{\"@id\":\"https:\/\/corredorbioceanico.org\/que-es-el-corredor\/#primaryimage\"},\"thumbnailUrl\":\"https:\/\/corredorbioceanico.org\/cms\/wp-content\/uploads\/2025\/01\/Puerto-de-Iquique-Tarapaca-Chile.jpg\",\"datePublished\":\"2020-08-23T00:43:46+00:00\",\"dateModified\":\"2025-05-05T14:55:45+00:00\",\"description\":\"El Corredor Bioce\u00e1nico de Capricornio (CBC) es una iniciativa multilateral para la integraci\u00f3n y el\u00a0 desarrollo de alcance regional. El Corredor une las zonas mediterr\u00e1neas del centro-oeste brasile\u00f1o, el norte de Paraguay, Argentina y Chile con acceso estrat\u00e9gico a los oc\u00e9anos Atl\u00e1ntico y Pac\u00edfico, creando un enlace entre el puerto de Santos (Brasil) y los puertos del norte de Chile.\",\"breadcrumb\":{\"@id\":\"https:\/\/corredorbioceanico.org\/que-es-el-corredor\/#breadcrumb\"},\"inLanguage\":\"es\",\"potentialAction\":[{\"@type\":\"ReadAction\",\"target\":[\"https:\/\/corredorbioceanico.org\/que-es-el-corredor\/\"]}]},{\"@type\":\"ImageObject\",\"inLanguage\":\"es\",\"@id\":\"https:\/\/corredorbioceanico.org\/que-es-el-corredor\/#primaryimage\",\"url\":\"https:\/\/corredorbioceanico.org\/cms\/wp-content\/uploads\/2025\/01\/Puerto-de-Iquique-Tarapaca-Chile.jpg\",\"contentUrl\":\"https:\/\/corredorbioceanico.org\/cms\/wp-content\/uploads\/2025\/01\/Puerto-de-Iquique-Tarapaca-Chile.jpg\",\"width\":1394,\"height\":784},{\"@type\":\"BreadcrumbList\",\"@id\":\"https:\/\/corredorbioceanico.org\/que-es-el-corredor\/#breadcrumb\",\"itemListElement\":[{\"@type\":\"ListItem\",\"position\":1,\"name\":\"Portada\",\"item\":\"https:\/\/corredorbioceanico.org\/es\/\"},{\"@type\":\"ListItem\",\"position\":2,\"name\":\"Qu\u00e9 es el Corredor\"}]},{\"@type\":\"WebSite\",\"@id\":\"https:\/\/corredorbioceanico.org\/es\/#website\",\"url\":\"https:\/\/corredorbioceanico.org\/es\/\",\"name\":\"Corredor Bioce\u00e1nico de Capricornio\",\"description\":\"Sitio Web del Corredor Bioce\u00e1nico de Capricornio\",\"publisher\":{\"@id\":\"https:\/\/corredorbioceanico.org\/es\/#organization\"},\"potentialAction\":[{\"@type\":\"SearchAction\",\"target\":{\"@type\":\"EntryPoint\",\"urlTemplate\":\"https:\/\/corredorbioceanico.org\/es\/?s={search_term_string}\"},\"query-input\":{\"@type\":\"PropertyValueSpecification\",\"valueRequired\":true,\"valueName\":\"search_term_string\"}}],\"inLanguage\":\"es\"},{\"@type\":\"Organization\",\"@id\":\"https:\/\/corredorbioceanico.org\/es\/#organization\",\"name\":\"Corredor Bioce\u00e1nico de Capricornio\",\"url\":\"https:\/\/corredorbioceanico.org\/es\/\",\"logo\":{\"@type\":\"ImageObject\",\"inLanguage\":\"es\",\"@id\":\"https:\/\/corredorbioceanico.org\/es\/#\/schema\/logo\/image\/\",\"url\":\"https:\/\/corredorbioceanico.org\/cms\/wp-content\/uploads\/2025\/02\/CBC_ID_WEB_1B.png\",\"contentUrl\":\"https:\/\/corredorbioceanico.org\/cms\/wp-content\/uploads\/2025\/02\/CBC_ID_WEB_1B.png\",\"width\":652,\"height\":200,\"caption\":\"Corredor Bioce\u00e1nico de Capricornio\"},\"image\":{\"@id\":\"https:\/\/corredorbioceanico.org\/es\/#\/schema\/logo\/image\/\"}}]}<\/script>\n<!-- \/ Yoast SEO plugin. -->","yoast_head_json":{"title":"[:es]Qu\u00e9 es el Corredor[:pb]O que \u00e9 o Corredor[:en]What is the Corridor[:] - Corredor Bioce\u00e1nico de Capricornio","description":"El Corredor Bioce\u00e1nico de Capricornio (CBC) es una iniciativa multilateral para la integraci\u00f3n y el\u00a0 desarrollo de alcance regional. El Corredor une las zonas mediterr\u00e1neas del centro-oeste brasile\u00f1o, el norte de Paraguay, Argentina y Chile con acceso estrat\u00e9gico a los oc\u00e9anos Atl\u00e1ntico y Pac\u00edfico, creando un enlace entre el puerto de Santos (Brasil) y los puertos del norte de Chile.","robots":{"index":"index","follow":"follow","max-snippet":"max-snippet:-1","max-image-preview":"max-image-preview:large","max-video-preview":"max-video-preview:-1"},"canonical":"https:\/\/corredorbioceanico.org\/que-es-el-corredor\/","og_locale":"es_ES","og_type":"article","og_title":"[:es]Qu\u00e9 es el Corredor[:pb]O que \u00e9 o Corredor[:en]What is the Corridor[:] - Corredor Bioce\u00e1nico de Capricornio","og_description":"El Corredor Bioce\u00e1nico de Capricornio (CBC) es una iniciativa multilateral para la integraci\u00f3n y el\u00a0 desarrollo de alcance regional. El Corredor une las zonas mediterr\u00e1neas del centro-oeste brasile\u00f1o, el norte de Paraguay, Argentina y Chile con acceso estrat\u00e9gico a los oc\u00e9anos Atl\u00e1ntico y Pac\u00edfico, creando un enlace entre el puerto de Santos (Brasil) y los puertos del norte de Chile.","og_url":"https:\/\/corredorbioceanico.org\/que-es-el-corredor\/","og_site_name":"Corredor Bioce\u00e1nico de Capricornio","article_modified_time":"2025-05-05T14:55:45+00:00","og_image":[{"width":1394,"height":784,"url":"https:\/\/corredorbioceanico.org\/cms\/wp-content\/uploads\/2025\/01\/Puerto-de-Iquique-Tarapaca-Chile.jpg","type":"image\/jpeg"}],"twitter_card":"summary_large_image","twitter_misc":{"Tiempo de lectura":"2 minutos"},"schema":{"@context":"https:\/\/schema.org","@graph":[{"@type":"WebPage","@id":"https:\/\/corredorbioceanico.org\/que-es-el-corredor\/","url":"https:\/\/corredorbioceanico.org\/que-es-el-corredor\/","name":"[:es]Qu\u00e9 es el Corredor[:pb]O que \u00e9 o Corredor[:en]What is the Corridor[:] - Corredor Bioce\u00e1nico de Capricornio","isPartOf":{"@id":"https:\/\/corredorbioceanico.org\/es\/#website"},"primaryImageOfPage":{"@id":"https:\/\/corredorbioceanico.org\/que-es-el-corredor\/#primaryimage"},"image":{"@id":"https:\/\/corredorbioceanico.org\/que-es-el-corredor\/#primaryimage"},"thumbnailUrl":"https:\/\/corredorbioceanico.org\/cms\/wp-content\/uploads\/2025\/01\/Puerto-de-Iquique-Tarapaca-Chile.jpg","datePublished":"2020-08-23T00:43:46+00:00","dateModified":"2025-05-05T14:55:45+00:00","description":"El Corredor Bioce\u00e1nico de Capricornio (CBC) es una iniciativa multilateral para la integraci\u00f3n y el\u00a0 desarrollo de alcance regional. El Corredor une las zonas mediterr\u00e1neas del centro-oeste brasile\u00f1o, el norte de Paraguay, Argentina y Chile con acceso estrat\u00e9gico a los oc\u00e9anos Atl\u00e1ntico y Pac\u00edfico, creando un enlace entre el puerto de Santos (Brasil) y los puertos del norte de Chile.","breadcrumb":{"@id":"https:\/\/corredorbioceanico.org\/que-es-el-corredor\/#breadcrumb"},"inLanguage":"es","potentialAction":[{"@type":"ReadAction","target":["https:\/\/corredorbioceanico.org\/que-es-el-corredor\/"]}]},{"@type":"ImageObject","inLanguage":"es","@id":"https:\/\/corredorbioceanico.org\/que-es-el-corredor\/#primaryimage","url":"https:\/\/corredorbioceanico.org\/cms\/wp-content\/uploads\/2025\/01\/Puerto-de-Iquique-Tarapaca-Chile.jpg","contentUrl":"https:\/\/corredorbioceanico.org\/cms\/wp-content\/uploads\/2025\/01\/Puerto-de-Iquique-Tarapaca-Chile.jpg","width":1394,"height":784},{"@type":"BreadcrumbList","@id":"https:\/\/corredorbioceanico.org\/que-es-el-corredor\/#breadcrumb","itemListElement":[{"@type":"ListItem","position":1,"name":"Portada","item":"https:\/\/corredorbioceanico.org\/es\/"},{"@type":"ListItem","position":2,"name":"Qu\u00e9 es el Corredor"}]},{"@type":"WebSite","@id":"https:\/\/corredorbioceanico.org\/es\/#website","url":"https:\/\/corredorbioceanico.org\/es\/","name":"Corredor Bioce\u00e1nico de Capricornio","description":"Sitio Web del Corredor Bioce\u00e1nico de Capricornio","publisher":{"@id":"https:\/\/corredorbioceanico.org\/es\/#organization"},"potentialAction":[{"@type":"SearchAction","target":{"@type":"EntryPoint","urlTemplate":"https:\/\/corredorbioceanico.org\/es\/?s={search_term_string}"},"query-input":{"@type":"PropertyValueSpecification","valueRequired":true,"valueName":"search_term_string"}}],"inLanguage":"es"},{"@type":"Organization","@id":"https:\/\/corredorbioceanico.org\/es\/#organization","name":"Corredor Bioce\u00e1nico de Capricornio","url":"https:\/\/corredorbioceanico.org\/es\/","logo":{"@type":"ImageObject","inLanguage":"es","@id":"https:\/\/corredorbioceanico.org\/es\/#\/schema\/logo\/image\/","url":"https:\/\/corredorbioceanico.org\/cms\/wp-content\/uploads\/2025\/02\/CBC_ID_WEB_1B.png","contentUrl":"https:\/\/corredorbioceanico.org\/cms\/wp-content\/uploads\/2025\/02\/CBC_ID_WEB_1B.png","width":652,"height":200,"caption":"Corredor Bioce\u00e1nico de Capricornio"},"image":{"@id":"https:\/\/corredorbioceanico.org\/es\/#\/schema\/logo\/image\/"}}]}},"_links":{"self":[{"href":"https:\/\/corredorbioceanico.org\/es\/wp-json\/wp\/v2\/pages\/29","targetHints":{"allow":["GET"]}}],"collection":[{"href":"https:\/\/corredorbioceanico.org\/es\/wp-json\/wp\/v2\/pages"}],"about":[{"href":"https:\/\/corredorbioceanico.org\/es\/wp-json\/wp\/v2\/types\/page"}],"author":[{"embeddable":true,"href":"https:\/\/corredorbioceanico.org\/es\/wp-json\/wp\/v2\/users\/1"}],"replies":[{"embeddable":true,"href":"https:\/\/corredorbioceanico.org\/es\/wp-json\/wp\/v2\/comments?post=29"}],"version-history":[{"count":30,"href":"https:\/\/corredorbioceanico.org\/es\/wp-json\/wp\/v2\/pages\/29\/revisions"}],"predecessor-version":[{"id":3561,"href":"https:\/\/corredorbioceanico.org\/es\/wp-json\/wp\/v2\/pages\/29\/revisions\/3561"}],"wp:featuredmedia":[{"embeddable":true,"href":"https:\/\/corredorbioceanico.org\/es\/wp-json\/wp\/v2\/media\/3424"}],"wp:attachment":[{"href":"https:\/\/corredorbioceanico.org\/es\/wp-json\/wp\/v2\/media?parent=29"}],"curies":[{"name":"wp","href":"https:\/\/api.w.org\/{rel}","templated":true}]}}