{"id":2860,"date":"2024-10-31T17:46:03","date_gmt":"2024-10-31T20:46:03","guid":{"rendered":"https:\/\/corredorbioceanico.org\/?page_id=2860"},"modified":"2025-02-12T19:00:33","modified_gmt":"2025-02-12T22:00:33","slug":"historia","status":"publish","type":"page","link":"https:\/\/corredorbioceanico.org\/pb\/conoce-el-corredor\/historia\/","title":{"rendered":"Hist\u00f3ria"},"content":{"rendered":"<p><\/p>\n<div tabindex=\"0\" role=\"article\" data-tabster=\"{&quot;groupper&quot;:{&quot;tabbability&quot;:2},&quot;focusable&quot;:{}}\" data-content=\"ai-message\" aria-labelledby=\"yCBG5F7jxZCZKDhMsVFim-author} yCBG5F7jxZCZKDhMsVFim-content-0\">\n<div id=\"yCBG5F7jxZCZKDhMsVFim-content-0\">\n<p>O primeiro antecedente do Corredor Bioce\u00e2nico na Am\u00e9rica do Sul data, na verdade, de mais de meio s\u00e9culo atr\u00e1s: \u00e9 atribu\u00eddo ao economista e pol\u00edtico brasileiro Celso Furtado, que a partir da d\u00e9cada de 1960 levantou o desafio de conectar os oceanos Atl\u00e2ntico e Pac\u00edfico atrav\u00e9s de uma rede de infraestrutura que facilitaria o com\u00e9rcio e a integra\u00e7\u00e3o econ\u00f4mica entre os pa\u00edses sul-americanos; embora distante, sua vis\u00e3o lan\u00e7ou as bases para futuras iniciativas do Corredor Bioce\u00e2nico de Capric\u00f3rnio.<\/p>\n<p>Ancorados tamb\u00e9m no s\u00e9culo XX, a cria\u00e7\u00e3o do Grupo Empresarial Interregional do Centro-Oeste Sul-Americano (GEICOS) nos anos 70, e mais tarde da Zona de Integra\u00e7\u00e3o do Centro-Oeste da Am\u00e9rica do Sul (ZICOSUR) em 1997, foram outros marcos fundamentais no relacionamento dos estados subnacionais da Argentina, Brasil, Bol\u00edvia, Chile e Paraguai.<\/p>\n<p>Os principais objetivos de ambas as iniciativas foram promover a coopera\u00e7\u00e3o transfronteiri\u00e7a e a integra\u00e7\u00e3o econ\u00f4mica na regi\u00e3o, incluindo o desenvolvimento de infraestrutura e a melhoria da conectividade entre esses pa\u00edses. Seu conceito integrador foi crucial para o posterior avan\u00e7o do Corredor Bioce\u00e2nico de Capric\u00f3rnio.<\/p>\n<p style=\"text-align: center;\"><strong>S\u00e9culo XXI: Hist\u00f3ria recente<\/strong><\/p>\n<p>Em agosto de 2000, e como parte da agenda da Primeira C\u00fapula Sul-Americana em Bras\u00edlia, foi criada a Iniciativa para a Integra\u00e7\u00e3o da Infraestrutura Regional Sul-Americana (IIRSA). Essa iniciativa teve como foco promover a integra\u00e7\u00e3o f\u00edsica e econ\u00f4mica da regi\u00e3o sul-americana por meio de projetos de infraestrutura.<\/p>\n<p>Fruto das reuni\u00f5es do IIRSA, em janeiro de 2009, durante a terceira reuni\u00e3o de Chefes de Estado da UNASUL em Quito, foi criada o Conselho Sul-Americano de Infraestrutura e Planejamento (COSIPLAN), cuja finalidade era se tornar o \u00f3rg\u00e3o t\u00e9cnico da IIRSA. O objetivo principal do COSIPLAN era identificar e priorizar os projetos que melhorassem a conectividade e a integra\u00e7\u00e3o em n\u00edvel da Am\u00e9rica do Sul, garantindo que estivessem alinhados com os objetivos de desenvolvimento sustent\u00e1vel dos pa\u00edses membros.<\/p>\n<p>Um dos estudos-chave conduzidos pelo IIRSA &#8211; COSIPLAN foi o chamado Eixo de Capric\u00f3rnio, uma rota bioce\u00e2nica que conecta o porto de Paranagu\u00e1 no Atl\u00e2ntico (Estado do Paran\u00e1, Brasil) com Antofagasta no Pac\u00edfico (Chile), atravessando a Argentina, Bol\u00edvia e Paraguai.<\/p>\n<p>Na \u00faltima d\u00e9cada, o precedente mais significativo foi em 2015, com a assinatura da &#8220;Declara\u00e7\u00e3o de Assun\u00e7\u00e3o sobre Corredores Bioce\u00e2nicos&#8221;, assinada pelos presidentes da Argentina, Brasil, Chile e Paraguai, durante a c\u00fapula do Mercosul na capital paraguaia. Desde ent\u00e3o, cada pa\u00eds instruiu seu respectivo Minist\u00e9rio das Rela\u00e7\u00f5es Exteriores a formar um Grupo de Trabalho Quadripartite, que integrasse as \u00e1reas de Infraestrutura, Obras P\u00fablicas, Transportes e outras institui\u00e7\u00f5es relacionadas, com o objetivo de impulsionar os estudos t\u00e9cnicos e formular as recomenda\u00e7\u00f5es pertinentes para a r\u00e1pida concretiza\u00e7\u00e3o do Corredor Bioce\u00e2nico de Capric\u00f3rnio.<\/p>\n<p>Durante quase um quinqu\u00eanio ap\u00f3s a Declara\u00e7\u00e3o de Assun\u00e7\u00e3o de 2015, v\u00e1rias reuni\u00f5es do Grupo Quadripartite aconteceram. Entre essas reuni\u00f5es, destaca-se a que resultou na Declara\u00e7\u00e3o de Bras\u00edlia, ocorrida na cidade hom\u00f4nima em 2017 tamb\u00e9m no \u00e2mbito do Mercosul, e que se destaca pela instru\u00e7\u00e3o de desenvolver um Plano Piloto que acompanhasse os avan\u00e7os realizados nos diferentes grupos de trabalho.<\/p>\n<p>Os avan\u00e7os foram interrompidos pela pandemia global em 2020, e s\u00f3 no final daquele ano as reuni\u00f5es foram retomadas de forma virtual. As reuni\u00f5es do Grupo Quadripartite continuam a acontecer at\u00e9 hoje, em formato anual.<\/p>\n<p style=\"text-align: center;\"><strong>O momento do F\u00f3rum<\/strong><\/p>\n<p>P\u00f3s-pandemia, os oito estados subnacionais (departamentos, regi\u00f5es, prov\u00edncias ou estados, dependendo de cada pa\u00eds) cujos territ\u00f3rios s\u00e3o atravessados pelo tra\u00e7ado do Corredor e que s\u00e3o os principais benefici\u00e1rios de sua realiza\u00e7\u00e3o, formalizaram sua inten\u00e7\u00e3o de trabalhar juntos para impulsionar os avan\u00e7os.<\/p>\n<p>Para isso, foi criado o F\u00f3rum de Integra\u00e7\u00e3o do Corredor Bioce\u00e2nico de Capric\u00f3rnio, assinado na Declara\u00e7\u00e3o de Campo Grande (Brasil), em maio de 2022, que \u00e9 o \u00f3rg\u00e3o que atualmente promove a iniciativa.<\/p>\n<p>Dessa forma, tanto o Grupo de Trabalho Quadripartite (a n\u00edvel nacional) quanto o F\u00f3rum de Integra\u00e7\u00e3o (a n\u00edvel subnacional) s\u00e3o inst\u00e2ncias de di\u00e1logo institucional que coexistem para a concretiza\u00e7\u00e3o do Corredor Bioce\u00e2nico de Capric\u00f3rnio.<\/p>\n<p>Em maio de 2023, como resultado do III F\u00f3rum realizado em Salta um m\u00eas antes, foi solicitado ao BID (Banco Interamericano de Desenvolvimento) apoio estrat\u00e9gico e financeiro para constituir um Bem P\u00fablico Regional (BPR).<\/p>\n<p>O pedido foi aprovado em novembro do mesmo ano, com o mandato de elaborar um Plano Diretor Regional de Integra\u00e7\u00e3o e Desenvolvimento do Corredor Bioce\u00e2nico de Capric\u00f3rnio (PM-CBC).<\/p>\n<p>Esse Plano Diretor foi estruturado com a diretiva de focar em tr\u00eas eixos fundamentais de estudo, que s\u00e3o os que est\u00e3o sendo desenvolvidos atualmente: de infraestrutura f\u00edsica e digital, de com\u00e9rcio e processos transfronteiri\u00e7os e de desenvolvimento produtivo local e regional.<\/p>\n<p>Al\u00e9m disso, por solicita\u00e7\u00e3o do F\u00f3rum, o BPR tem como uma de suas fun\u00e7\u00f5es contribuir para desenvolver a institucionaliza\u00e7\u00e3o e governan\u00e7a para a gest\u00e3o, implementa\u00e7\u00e3o e monitoramento do PM &#8211; CBC.<\/p>\n<\/div>\n<\/div>\n<p><\/p>","protected":false},"excerpt":{"rendered":"<p>O primeiro antecedente do Corredor Bioce\u00e2nico na Am\u00e9rica do Sul data, na verdade, de mais de meio s\u00e9culo atr\u00e1s: \u00e9 atribu\u00eddo ao economista e pol\u00edtico brasileiro Celso Furtado, que a partir da d\u00e9cada de 1960 levantou o desafio de conectar os oceanos Atl\u00e2ntico e Pac\u00edfico atrav\u00e9s de uma rede de infraestrutura que facilitaria o com\u00e9rcio [&hellip;]<\/p>\n","protected":false},"author":1,"featured_media":2263,"parent":2,"menu_order":4,"comment_status":"closed","ping_status":"closed","template":"","meta":{"_acf_changed":false,"_relevanssi_hide_post":"","_relevanssi_hide_content":"","_relevanssi_pin_for_all":"","_relevanssi_pin_keywords":"","_relevanssi_unpin_keywords":"","_relevanssi_related_keywords":"","_relevanssi_related_include_ids":"","_relevanssi_related_exclude_ids":"","_relevanssi_related_no_append":"","_relevanssi_related_not_related":"","_relevanssi_related_posts":"","_relevanssi_noindex_reason":"","footnotes":""},"class_list":["post-2860","page","type-page","status-publish","has-post-thumbnail","hentry"],"acf":[],"yoast_head":"<!-- This site is optimized with the Yoast SEO plugin v25.5 - https:\/\/yoast.com\/wordpress\/plugins\/seo\/ -->\n<title>Hist\u00f3ria - Corredor Bioce\u00e1nico de Capricornio<\/title>\n<meta name=\"robots\" content=\"index, follow, max-snippet:-1, max-image-preview:large, max-video-preview:-1\" \/>\n<link rel=\"canonical\" href=\"https:\/\/corredorbioceanico.org\/conoce-el-corredor\/historia\/\" \/>\n<meta property=\"og:locale\" content=\"pt_BR\" \/>\n<meta property=\"og:type\" content=\"article\" \/>\n<meta property=\"og:title\" content=\"[:es]Historia[:pb]Hist\u00f3ria[:en]History[:] - Corredor Bioce\u00e1nico de Capricornio\" \/>\n<meta property=\"og:description\" content=\"O primeiro antecedente do Corredor Bioce\u00e2nico na Am\u00e9rica do Sul data, na verdade, de mais de meio s\u00e9culo atr\u00e1s: \u00e9 atribu\u00eddo ao economista e pol\u00edtico brasileiro Celso Furtado, que a partir da d\u00e9cada de 1960 levantou o desafio de conectar os oceanos Atl\u00e2ntico e Pac\u00edfico atrav\u00e9s de uma rede de infraestrutura que facilitaria o com\u00e9rcio [&hellip;]\" \/>\n<meta property=\"og:url\" content=\"https:\/\/corredorbioceanico.org\/conoce-el-corredor\/historia\/\" \/>\n<meta property=\"og:site_name\" content=\"Corredor Bioce\u00e1nico de Capricornio\" \/>\n<meta property=\"article:modified_time\" content=\"2025-02-12T22:00:33+00:00\" \/>\n<meta property=\"og:image\" content=\"https:\/\/corredorbioceanico.org\/cms\/wp-content\/uploads\/2024\/07\/fotos-corredor-32.jpg\" \/>\n\t<meta property=\"og:image:width\" content=\"1400\" \/>\n\t<meta property=\"og:image:height\" content=\"600\" \/>\n\t<meta property=\"og:image:type\" content=\"image\/jpeg\" \/>\n<meta name=\"twitter:card\" content=\"summary_large_image\" \/>\n<meta name=\"twitter:label1\" content=\"Est. tempo de leitura\" \/>\n\t<meta name=\"twitter:data1\" content=\"13 minutos\" \/>\n<script type=\"application\/ld+json\" class=\"yoast-schema-graph\">{\"@context\":\"https:\/\/schema.org\",\"@graph\":[{\"@type\":\"WebPage\",\"@id\":\"https:\/\/corredorbioceanico.org\/conoce-el-corredor\/historia\/\",\"url\":\"https:\/\/corredorbioceanico.org\/conoce-el-corredor\/historia\/\",\"name\":\"[:es]Historia[:pb]Hist\u00f3ria[:en]History[:] - Corredor Bioce\u00e1nico de Capricornio\",\"isPartOf\":{\"@id\":\"https:\/\/corredorbioceanico.org\/es\/#website\"},\"primaryImageOfPage\":{\"@id\":\"https:\/\/corredorbioceanico.org\/conoce-el-corredor\/historia\/#primaryimage\"},\"image\":{\"@id\":\"https:\/\/corredorbioceanico.org\/conoce-el-corredor\/historia\/#primaryimage\"},\"thumbnailUrl\":\"https:\/\/corredorbioceanico.org\/cms\/wp-content\/uploads\/2024\/07\/fotos-corredor-32.jpg\",\"datePublished\":\"2024-10-31T20:46:03+00:00\",\"dateModified\":\"2025-02-12T22:00:33+00:00\",\"breadcrumb\":{\"@id\":\"https:\/\/corredorbioceanico.org\/conoce-el-corredor\/historia\/#breadcrumb\"},\"inLanguage\":\"pt-BR\",\"potentialAction\":[{\"@type\":\"ReadAction\",\"target\":[\"https:\/\/corredorbioceanico.org\/conoce-el-corredor\/historia\/\"]}]},{\"@type\":\"ImageObject\",\"inLanguage\":\"pt-BR\",\"@id\":\"https:\/\/corredorbioceanico.org\/conoce-el-corredor\/historia\/#primaryimage\",\"url\":\"https:\/\/corredorbioceanico.org\/cms\/wp-content\/uploads\/2024\/07\/fotos-corredor-32.jpg\",\"contentUrl\":\"https:\/\/corredorbioceanico.org\/cms\/wp-content\/uploads\/2024\/07\/fotos-corredor-32.jpg\",\"width\":1400,\"height\":600},{\"@type\":\"BreadcrumbList\",\"@id\":\"https:\/\/corredorbioceanico.org\/conoce-el-corredor\/historia\/#breadcrumb\",\"itemListElement\":[{\"@type\":\"ListItem\",\"position\":1,\"name\":\"Portada\",\"item\":\"https:\/\/corredorbioceanico.org\/es\/\"},{\"@type\":\"ListItem\",\"position\":2,\"name\":\"Conoce el Corredor\",\"item\":\"https:\/\/corredorbioceanico.org\/conoce-el-corredor\/\"},{\"@type\":\"ListItem\",\"position\":3,\"name\":\"Historia\"}]},{\"@type\":\"WebSite\",\"@id\":\"https:\/\/corredorbioceanico.org\/es\/#website\",\"url\":\"https:\/\/corredorbioceanico.org\/es\/\",\"name\":\"Corredor Bioce\u00e1nico de Capricornio\",\"description\":\"Sitio Web del Corredor Bioce\u00e1nico de Capricornio\",\"publisher\":{\"@id\":\"https:\/\/corredorbioceanico.org\/es\/#organization\"},\"potentialAction\":[{\"@type\":\"SearchAction\",\"target\":{\"@type\":\"EntryPoint\",\"urlTemplate\":\"https:\/\/corredorbioceanico.org\/es\/?s={search_term_string}\"},\"query-input\":{\"@type\":\"PropertyValueSpecification\",\"valueRequired\":true,\"valueName\":\"search_term_string\"}}],\"inLanguage\":\"pt-BR\"},{\"@type\":\"Organization\",\"@id\":\"https:\/\/corredorbioceanico.org\/es\/#organization\",\"name\":\"Corredor Bioce\u00e1nico de Capricornio\",\"url\":\"https:\/\/corredorbioceanico.org\/es\/\",\"logo\":{\"@type\":\"ImageObject\",\"inLanguage\":\"pt-BR\",\"@id\":\"https:\/\/corredorbioceanico.org\/es\/#\/schema\/logo\/image\/\",\"url\":\"https:\/\/corredorbioceanico.org\/cms\/wp-content\/uploads\/2025\/02\/CBC_ID_WEB_1B.png\",\"contentUrl\":\"https:\/\/corredorbioceanico.org\/cms\/wp-content\/uploads\/2025\/02\/CBC_ID_WEB_1B.png\",\"width\":652,\"height\":200,\"caption\":\"Corredor Bioce\u00e1nico de Capricornio\"},\"image\":{\"@id\":\"https:\/\/corredorbioceanico.org\/es\/#\/schema\/logo\/image\/\"}}]}<\/script>\n<!-- \/ Yoast SEO plugin. -->","yoast_head_json":{"title":"[:es]Historia[:pb]Hist\u00f3ria[:en]History[:] - Corredor Bioce\u00e1nico de Capricornio","robots":{"index":"index","follow":"follow","max-snippet":"max-snippet:-1","max-image-preview":"max-image-preview:large","max-video-preview":"max-video-preview:-1"},"canonical":"https:\/\/corredorbioceanico.org\/conoce-el-corredor\/historia\/","og_locale":"pt_BR","og_type":"article","og_title":"[:es]Historia[:pb]Hist\u00f3ria[:en]History[:] - Corredor Bioce\u00e1nico de Capricornio","og_description":"O primeiro antecedente do Corredor Bioce\u00e2nico na Am\u00e9rica do Sul data, na verdade, de mais de meio s\u00e9culo atr\u00e1s: \u00e9 atribu\u00eddo ao economista e pol\u00edtico brasileiro Celso Furtado, que a partir da d\u00e9cada de 1960 levantou o desafio de conectar os oceanos Atl\u00e2ntico e Pac\u00edfico atrav\u00e9s de uma rede de infraestrutura que facilitaria o com\u00e9rcio [&hellip;]","og_url":"https:\/\/corredorbioceanico.org\/conoce-el-corredor\/historia\/","og_site_name":"Corredor Bioce\u00e1nico de Capricornio","article_modified_time":"2025-02-12T22:00:33+00:00","og_image":[{"width":1400,"height":600,"url":"https:\/\/corredorbioceanico.org\/cms\/wp-content\/uploads\/2024\/07\/fotos-corredor-32.jpg","type":"image\/jpeg"}],"twitter_card":"summary_large_image","twitter_misc":{"Est. tempo de leitura":"13 minutos"},"schema":{"@context":"https:\/\/schema.org","@graph":[{"@type":"WebPage","@id":"https:\/\/corredorbioceanico.org\/conoce-el-corredor\/historia\/","url":"https:\/\/corredorbioceanico.org\/conoce-el-corredor\/historia\/","name":"[:es]Historia[:pb]Hist\u00f3ria[:en]History[:] - Corredor Bioce\u00e1nico de Capricornio","isPartOf":{"@id":"https:\/\/corredorbioceanico.org\/es\/#website"},"primaryImageOfPage":{"@id":"https:\/\/corredorbioceanico.org\/conoce-el-corredor\/historia\/#primaryimage"},"image":{"@id":"https:\/\/corredorbioceanico.org\/conoce-el-corredor\/historia\/#primaryimage"},"thumbnailUrl":"https:\/\/corredorbioceanico.org\/cms\/wp-content\/uploads\/2024\/07\/fotos-corredor-32.jpg","datePublished":"2024-10-31T20:46:03+00:00","dateModified":"2025-02-12T22:00:33+00:00","breadcrumb":{"@id":"https:\/\/corredorbioceanico.org\/conoce-el-corredor\/historia\/#breadcrumb"},"inLanguage":"pt-BR","potentialAction":[{"@type":"ReadAction","target":["https:\/\/corredorbioceanico.org\/conoce-el-corredor\/historia\/"]}]},{"@type":"ImageObject","inLanguage":"pt-BR","@id":"https:\/\/corredorbioceanico.org\/conoce-el-corredor\/historia\/#primaryimage","url":"https:\/\/corredorbioceanico.org\/cms\/wp-content\/uploads\/2024\/07\/fotos-corredor-32.jpg","contentUrl":"https:\/\/corredorbioceanico.org\/cms\/wp-content\/uploads\/2024\/07\/fotos-corredor-32.jpg","width":1400,"height":600},{"@type":"BreadcrumbList","@id":"https:\/\/corredorbioceanico.org\/conoce-el-corredor\/historia\/#breadcrumb","itemListElement":[{"@type":"ListItem","position":1,"name":"Portada","item":"https:\/\/corredorbioceanico.org\/es\/"},{"@type":"ListItem","position":2,"name":"Conoce el Corredor","item":"https:\/\/corredorbioceanico.org\/conoce-el-corredor\/"},{"@type":"ListItem","position":3,"name":"Historia"}]},{"@type":"WebSite","@id":"https:\/\/corredorbioceanico.org\/es\/#website","url":"https:\/\/corredorbioceanico.org\/es\/","name":"Corredor Bioce\u00e1nico de Capricornio","description":"Sitio Web del Corredor Bioce\u00e1nico de Capricornio","publisher":{"@id":"https:\/\/corredorbioceanico.org\/es\/#organization"},"potentialAction":[{"@type":"SearchAction","target":{"@type":"EntryPoint","urlTemplate":"https:\/\/corredorbioceanico.org\/es\/?s={search_term_string}"},"query-input":{"@type":"PropertyValueSpecification","valueRequired":true,"valueName":"search_term_string"}}],"inLanguage":"pt-BR"},{"@type":"Organization","@id":"https:\/\/corredorbioceanico.org\/es\/#organization","name":"Corredor Bioce\u00e1nico de Capricornio","url":"https:\/\/corredorbioceanico.org\/es\/","logo":{"@type":"ImageObject","inLanguage":"pt-BR","@id":"https:\/\/corredorbioceanico.org\/es\/#\/schema\/logo\/image\/","url":"https:\/\/corredorbioceanico.org\/cms\/wp-content\/uploads\/2025\/02\/CBC_ID_WEB_1B.png","contentUrl":"https:\/\/corredorbioceanico.org\/cms\/wp-content\/uploads\/2025\/02\/CBC_ID_WEB_1B.png","width":652,"height":200,"caption":"Corredor Bioce\u00e1nico de Capricornio"},"image":{"@id":"https:\/\/corredorbioceanico.org\/es\/#\/schema\/logo\/image\/"}}]}},"_links":{"self":[{"href":"https:\/\/corredorbioceanico.org\/pb\/wp-json\/wp\/v2\/pages\/2860","targetHints":{"allow":["GET"]}}],"collection":[{"href":"https:\/\/corredorbioceanico.org\/pb\/wp-json\/wp\/v2\/pages"}],"about":[{"href":"https:\/\/corredorbioceanico.org\/pb\/wp-json\/wp\/v2\/types\/page"}],"author":[{"embeddable":true,"href":"https:\/\/corredorbioceanico.org\/pb\/wp-json\/wp\/v2\/users\/1"}],"replies":[{"embeddable":true,"href":"https:\/\/corredorbioceanico.org\/pb\/wp-json\/wp\/v2\/comments?post=2860"}],"version-history":[{"count":11,"href":"https:\/\/corredorbioceanico.org\/pb\/wp-json\/wp\/v2\/pages\/2860\/revisions"}],"predecessor-version":[{"id":3563,"href":"https:\/\/corredorbioceanico.org\/pb\/wp-json\/wp\/v2\/pages\/2860\/revisions\/3563"}],"up":[{"embeddable":true,"href":"https:\/\/corredorbioceanico.org\/pb\/wp-json\/wp\/v2\/pages\/2"}],"wp:featuredmedia":[{"embeddable":true,"href":"https:\/\/corredorbioceanico.org\/pb\/wp-json\/wp\/v2\/media\/2263"}],"wp:attachment":[{"href":"https:\/\/corredorbioceanico.org\/pb\/wp-json\/wp\/v2\/media?parent=2860"}],"curies":[{"name":"wp","href":"https:\/\/api.w.org\/{rel}","templated":true}]}}