{"id":29,"date":"2020-08-22T20:43:46","date_gmt":"2020-08-23T00:43:46","guid":{"rendered":"https:\/\/corredorbioceanico.org\/cms\/?page_id=29"},"modified":"2025-05-05T11:55:45","modified_gmt":"2025-05-05T14:55:45","slug":"que-es-el-corredor","status":"publish","type":"page","link":"https:\/\/corredorbioceanico.org\/pb\/que-es-el-corredor\/","title":{"rendered":"O que \u00e9 o Corredor"},"content":{"rendered":"<p><strong>O Corredor Bioce\u00e2nico de Capric\u00f3rnio (CBC) \u00e9 uma iniciativa multilateral para a integra\u00e7\u00e3o e desenvolvimento de alcance regional. Baseia-se em seu potencial para transformar significativamente a log\u00edstica e o com\u00e9rcio na regi\u00e3o, e para contribuir para o desenvolvimento dos pa\u00edses e territ\u00f3rios subnacionais envolvidos. O Corredor une as zonas mediterr\u00e2neas do centro-oeste brasileiro, norte do Paraguai, Argentina e Chile com acesso estrat\u00e9gico aos oceanos Atl\u00e2ntico e Pac\u00edfico, criando um elo entre o porto de Santos (Brasil) e os portos do norte do Chile.<\/strong><\/p>\n<p>Fundamentado em antecedentes que remontam \u00e0 d\u00e9cada de 1960, o impulso atual do CBC \u00e9 promovido pelos quatro pa\u00edses que o integram e pelos oito estados subnacionais cujos territ\u00f3rios s\u00e3o atravessados pelo tra\u00e7ado do Corredor: Tarapac\u00e1, Antofagasta, Jujuy, Salta, Presidente Hayes, Boquer\u00f3n, Alto Paraguai e Mato Grosso do Sul.<\/p>\n<p>A pedra fundamental desta iniciativa foi erguida em 2015, com a assinatura da &#8220;Declara\u00e7\u00e3o de Assun\u00e7\u00e3o sobre Corredores Bioce\u00e2nicos&#8221;, assinada pelos presidentes da Argentina, Brasil, Chile e Paraguai. Como consequ\u00eancia dessa declara\u00e7\u00e3o, foi formado o Grupo de Trabalho Quadripartite, integrado pelos Minist\u00e9rios das Rela\u00e7\u00f5es Exteriores dos quatro pa\u00edses, que conduziu v\u00e1rias inst\u00e2ncias de trabalho durante o lustro seguinte.<\/p>\n<p>Ap\u00f3s a paralisia global causada pela pandemia, os oito territ\u00f3rios subnacionais (departamentos, regi\u00f5es, prov\u00edncias ou estados, conforme o pa\u00eds) formalizaram sua inten\u00e7\u00e3o de trabalhar em conjunto sob o F\u00f3rum de Integra\u00e7\u00e3o do Corredor Bioce\u00e2nico de Capric\u00f3rnio, assinada pelos estados subnacionais na Declara\u00e7\u00e3o de Campo Grande (Brasil), em maio de 2022.<\/p>\n<p>Um ano depois, como resultado do III F\u00f3rum de Integra\u00e7\u00e3o realizado em Salta, solicitou-se ao BID (Banco Interamericano de Desenvolvimento) apoio estrat\u00e9gico e financeiro para constituir um Bem P\u00fablico Regional (BPR), cuja meta principal seria a elabora\u00e7\u00e3o de um <a href=\"https:\/\/www.iadb.org\/es\/proyecto\/RG-T4399\" target=\"_blank\" rel=\"noopener\">Plano Diretor Regional de Integra\u00e7\u00e3o e Desenvolvimento do Corredor Bioce\u00e2nico de Capric\u00f3rnio (PM-CBC)<\/a>.<\/p>\n<p><img decoding=\"async\" class=\"alignnone size-full wp-image-2943\" style=\"margin: 60px 0;\" src=\"https:\/\/corredorbioceanico.org\/cms\/wp-content\/uploads\/2025\/01\/estadisticas.jpg\" alt=\"\" width=\"100%\" height=\"auto\" \/><\/p>","protected":false},"excerpt":{"rendered":"<p>O Corredor Bioce\u00e2nico de Capric\u00f3rnio (CBC) \u00e9 uma iniciativa multilateral para a integra\u00e7\u00e3o e desenvolvimento de alcance regional. Baseia-se em seu potencial para transformar significativamente a log\u00edstica e o com\u00e9rcio na regi\u00e3o, e para contribuir para o desenvolvimento dos pa\u00edses e territ\u00f3rios subnacionais envolvidos. O Corredor une as zonas mediterr\u00e2neas do centro-oeste brasileiro, norte do [&hellip;]<\/p>\n","protected":false},"author":1,"featured_media":3424,"parent":0,"menu_order":1,"comment_status":"closed","ping_status":"closed","template":"","meta":{"_acf_changed":false,"_relevanssi_hide_post":"","_relevanssi_hide_content":"","_relevanssi_pin_for_all":"","_relevanssi_pin_keywords":"","_relevanssi_unpin_keywords":"","_relevanssi_related_keywords":"","_relevanssi_related_include_ids":"","_relevanssi_related_exclude_ids":"","_relevanssi_related_no_append":"","_relevanssi_related_not_related":"","_relevanssi_related_posts":"","_relevanssi_noindex_reason":"","footnotes":""},"class_list":["post-29","page","type-page","status-publish","has-post-thumbnail","hentry"],"acf":[],"yoast_head":"<!-- This site is optimized with the Yoast SEO plugin v25.5 - https:\/\/yoast.com\/wordpress\/plugins\/seo\/ -->\n<title>O que \u00e9 o Corredor - Corredor Bioce\u00e1nico de Capricornio<\/title>\n<meta name=\"description\" content=\"El Corredor Bioce\u00e1nico de Capricornio (CBC) es una iniciativa multilateral para la integraci\u00f3n y el\u00a0 desarrollo de alcance regional. El Corredor une las zonas mediterr\u00e1neas del centro-oeste brasile\u00f1o, el norte de Paraguay, Argentina y Chile con acceso estrat\u00e9gico a los oc\u00e9anos Atl\u00e1ntico y Pac\u00edfico, creando un enlace entre el puerto de Santos (Brasil) y los puertos del norte de Chile.\" \/>\n<meta name=\"robots\" content=\"index, follow, max-snippet:-1, max-image-preview:large, max-video-preview:-1\" \/>\n<link rel=\"canonical\" href=\"https:\/\/corredorbioceanico.org\/que-es-el-corredor\/\" \/>\n<meta property=\"og:locale\" content=\"pt_BR\" \/>\n<meta property=\"og:type\" content=\"article\" \/>\n<meta property=\"og:title\" content=\"[:es]Qu\u00e9 es el Corredor[:pb]O que \u00e9 o Corredor[:en]What is the Corridor[:] - Corredor Bioce\u00e1nico de Capricornio\" \/>\n<meta property=\"og:description\" content=\"El Corredor Bioce\u00e1nico de Capricornio (CBC) es una iniciativa multilateral para la integraci\u00f3n y el\u00a0 desarrollo de alcance regional. El Corredor une las zonas mediterr\u00e1neas del centro-oeste brasile\u00f1o, el norte de Paraguay, Argentina y Chile con acceso estrat\u00e9gico a los oc\u00e9anos Atl\u00e1ntico y Pac\u00edfico, creando un enlace entre el puerto de Santos (Brasil) y los puertos del norte de Chile.\" \/>\n<meta property=\"og:url\" content=\"https:\/\/corredorbioceanico.org\/que-es-el-corredor\/\" \/>\n<meta property=\"og:site_name\" content=\"Corredor Bioce\u00e1nico de Capricornio\" \/>\n<meta property=\"article:modified_time\" content=\"2025-05-05T14:55:45+00:00\" \/>\n<meta property=\"og:image\" content=\"https:\/\/corredorbioceanico.org\/cms\/wp-content\/uploads\/2025\/01\/Puerto-de-Iquique-Tarapaca-Chile.jpg\" \/>\n\t<meta property=\"og:image:width\" content=\"1394\" \/>\n\t<meta property=\"og:image:height\" content=\"784\" \/>\n\t<meta property=\"og:image:type\" content=\"image\/jpeg\" \/>\n<meta name=\"twitter:card\" content=\"summary_large_image\" \/>\n<meta name=\"twitter:label1\" content=\"Est. tempo de leitura\" \/>\n\t<meta name=\"twitter:data1\" content=\"2 minutos\" \/>\n<script type=\"application\/ld+json\" class=\"yoast-schema-graph\">{\"@context\":\"https:\/\/schema.org\",\"@graph\":[{\"@type\":\"WebPage\",\"@id\":\"https:\/\/corredorbioceanico.org\/que-es-el-corredor\/\",\"url\":\"https:\/\/corredorbioceanico.org\/que-es-el-corredor\/\",\"name\":\"[:es]Qu\u00e9 es el Corredor[:pb]O que \u00e9 o Corredor[:en]What is the Corridor[:] - Corredor Bioce\u00e1nico de Capricornio\",\"isPartOf\":{\"@id\":\"https:\/\/corredorbioceanico.org\/es\/#website\"},\"primaryImageOfPage\":{\"@id\":\"https:\/\/corredorbioceanico.org\/que-es-el-corredor\/#primaryimage\"},\"image\":{\"@id\":\"https:\/\/corredorbioceanico.org\/que-es-el-corredor\/#primaryimage\"},\"thumbnailUrl\":\"https:\/\/corredorbioceanico.org\/cms\/wp-content\/uploads\/2025\/01\/Puerto-de-Iquique-Tarapaca-Chile.jpg\",\"datePublished\":\"2020-08-23T00:43:46+00:00\",\"dateModified\":\"2025-05-05T14:55:45+00:00\",\"description\":\"El Corredor Bioce\u00e1nico de Capricornio (CBC) es una iniciativa multilateral para la integraci\u00f3n y el\u00a0 desarrollo de alcance regional. El Corredor une las zonas mediterr\u00e1neas del centro-oeste brasile\u00f1o, el norte de Paraguay, Argentina y Chile con acceso estrat\u00e9gico a los oc\u00e9anos Atl\u00e1ntico y Pac\u00edfico, creando un enlace entre el puerto de Santos (Brasil) y los puertos del norte de Chile.\",\"breadcrumb\":{\"@id\":\"https:\/\/corredorbioceanico.org\/que-es-el-corredor\/#breadcrumb\"},\"inLanguage\":\"pt-BR\",\"potentialAction\":[{\"@type\":\"ReadAction\",\"target\":[\"https:\/\/corredorbioceanico.org\/que-es-el-corredor\/\"]}]},{\"@type\":\"ImageObject\",\"inLanguage\":\"pt-BR\",\"@id\":\"https:\/\/corredorbioceanico.org\/que-es-el-corredor\/#primaryimage\",\"url\":\"https:\/\/corredorbioceanico.org\/cms\/wp-content\/uploads\/2025\/01\/Puerto-de-Iquique-Tarapaca-Chile.jpg\",\"contentUrl\":\"https:\/\/corredorbioceanico.org\/cms\/wp-content\/uploads\/2025\/01\/Puerto-de-Iquique-Tarapaca-Chile.jpg\",\"width\":1394,\"height\":784},{\"@type\":\"BreadcrumbList\",\"@id\":\"https:\/\/corredorbioceanico.org\/que-es-el-corredor\/#breadcrumb\",\"itemListElement\":[{\"@type\":\"ListItem\",\"position\":1,\"name\":\"Portada\",\"item\":\"https:\/\/corredorbioceanico.org\/es\/\"},{\"@type\":\"ListItem\",\"position\":2,\"name\":\"Qu\u00e9 es el Corredor\"}]},{\"@type\":\"WebSite\",\"@id\":\"https:\/\/corredorbioceanico.org\/es\/#website\",\"url\":\"https:\/\/corredorbioceanico.org\/es\/\",\"name\":\"Corredor Bioce\u00e1nico de Capricornio\",\"description\":\"Sitio Web del Corredor Bioce\u00e1nico de Capricornio\",\"publisher\":{\"@id\":\"https:\/\/corredorbioceanico.org\/es\/#organization\"},\"potentialAction\":[{\"@type\":\"SearchAction\",\"target\":{\"@type\":\"EntryPoint\",\"urlTemplate\":\"https:\/\/corredorbioceanico.org\/es\/?s={search_term_string}\"},\"query-input\":{\"@type\":\"PropertyValueSpecification\",\"valueRequired\":true,\"valueName\":\"search_term_string\"}}],\"inLanguage\":\"pt-BR\"},{\"@type\":\"Organization\",\"@id\":\"https:\/\/corredorbioceanico.org\/es\/#organization\",\"name\":\"Corredor Bioce\u00e1nico de Capricornio\",\"url\":\"https:\/\/corredorbioceanico.org\/es\/\",\"logo\":{\"@type\":\"ImageObject\",\"inLanguage\":\"pt-BR\",\"@id\":\"https:\/\/corredorbioceanico.org\/es\/#\/schema\/logo\/image\/\",\"url\":\"https:\/\/corredorbioceanico.org\/cms\/wp-content\/uploads\/2025\/02\/CBC_ID_WEB_1B.png\",\"contentUrl\":\"https:\/\/corredorbioceanico.org\/cms\/wp-content\/uploads\/2025\/02\/CBC_ID_WEB_1B.png\",\"width\":652,\"height\":200,\"caption\":\"Corredor Bioce\u00e1nico de Capricornio\"},\"image\":{\"@id\":\"https:\/\/corredorbioceanico.org\/es\/#\/schema\/logo\/image\/\"}}]}<\/script>\n<!-- \/ Yoast SEO plugin. -->","yoast_head_json":{"title":"[:es]Qu\u00e9 es el Corredor[:pb]O que \u00e9 o Corredor[:en]What is the Corridor[:] - Corredor Bioce\u00e1nico de Capricornio","description":"El Corredor Bioce\u00e1nico de Capricornio (CBC) es una iniciativa multilateral para la integraci\u00f3n y el\u00a0 desarrollo de alcance regional. El Corredor une las zonas mediterr\u00e1neas del centro-oeste brasile\u00f1o, el norte de Paraguay, Argentina y Chile con acceso estrat\u00e9gico a los oc\u00e9anos Atl\u00e1ntico y Pac\u00edfico, creando un enlace entre el puerto de Santos (Brasil) y los puertos del norte de Chile.","robots":{"index":"index","follow":"follow","max-snippet":"max-snippet:-1","max-image-preview":"max-image-preview:large","max-video-preview":"max-video-preview:-1"},"canonical":"https:\/\/corredorbioceanico.org\/que-es-el-corredor\/","og_locale":"pt_BR","og_type":"article","og_title":"[:es]Qu\u00e9 es el Corredor[:pb]O que \u00e9 o Corredor[:en]What is the Corridor[:] - Corredor Bioce\u00e1nico de Capricornio","og_description":"El Corredor Bioce\u00e1nico de Capricornio (CBC) es una iniciativa multilateral para la integraci\u00f3n y el\u00a0 desarrollo de alcance regional. El Corredor une las zonas mediterr\u00e1neas del centro-oeste brasile\u00f1o, el norte de Paraguay, Argentina y Chile con acceso estrat\u00e9gico a los oc\u00e9anos Atl\u00e1ntico y Pac\u00edfico, creando un enlace entre el puerto de Santos (Brasil) y los puertos del norte de Chile.","og_url":"https:\/\/corredorbioceanico.org\/que-es-el-corredor\/","og_site_name":"Corredor Bioce\u00e1nico de Capricornio","article_modified_time":"2025-05-05T14:55:45+00:00","og_image":[{"width":1394,"height":784,"url":"https:\/\/corredorbioceanico.org\/cms\/wp-content\/uploads\/2025\/01\/Puerto-de-Iquique-Tarapaca-Chile.jpg","type":"image\/jpeg"}],"twitter_card":"summary_large_image","twitter_misc":{"Est. tempo de leitura":"2 minutos"},"schema":{"@context":"https:\/\/schema.org","@graph":[{"@type":"WebPage","@id":"https:\/\/corredorbioceanico.org\/que-es-el-corredor\/","url":"https:\/\/corredorbioceanico.org\/que-es-el-corredor\/","name":"[:es]Qu\u00e9 es el Corredor[:pb]O que \u00e9 o Corredor[:en]What is the Corridor[:] - Corredor Bioce\u00e1nico de Capricornio","isPartOf":{"@id":"https:\/\/corredorbioceanico.org\/es\/#website"},"primaryImageOfPage":{"@id":"https:\/\/corredorbioceanico.org\/que-es-el-corredor\/#primaryimage"},"image":{"@id":"https:\/\/corredorbioceanico.org\/que-es-el-corredor\/#primaryimage"},"thumbnailUrl":"https:\/\/corredorbioceanico.org\/cms\/wp-content\/uploads\/2025\/01\/Puerto-de-Iquique-Tarapaca-Chile.jpg","datePublished":"2020-08-23T00:43:46+00:00","dateModified":"2025-05-05T14:55:45+00:00","description":"El Corredor Bioce\u00e1nico de Capricornio (CBC) es una iniciativa multilateral para la integraci\u00f3n y el\u00a0 desarrollo de alcance regional. El Corredor une las zonas mediterr\u00e1neas del centro-oeste brasile\u00f1o, el norte de Paraguay, Argentina y Chile con acceso estrat\u00e9gico a los oc\u00e9anos Atl\u00e1ntico y Pac\u00edfico, creando un enlace entre el puerto de Santos (Brasil) y los puertos del norte de Chile.","breadcrumb":{"@id":"https:\/\/corredorbioceanico.org\/que-es-el-corredor\/#breadcrumb"},"inLanguage":"pt-BR","potentialAction":[{"@type":"ReadAction","target":["https:\/\/corredorbioceanico.org\/que-es-el-corredor\/"]}]},{"@type":"ImageObject","inLanguage":"pt-BR","@id":"https:\/\/corredorbioceanico.org\/que-es-el-corredor\/#primaryimage","url":"https:\/\/corredorbioceanico.org\/cms\/wp-content\/uploads\/2025\/01\/Puerto-de-Iquique-Tarapaca-Chile.jpg","contentUrl":"https:\/\/corredorbioceanico.org\/cms\/wp-content\/uploads\/2025\/01\/Puerto-de-Iquique-Tarapaca-Chile.jpg","width":1394,"height":784},{"@type":"BreadcrumbList","@id":"https:\/\/corredorbioceanico.org\/que-es-el-corredor\/#breadcrumb","itemListElement":[{"@type":"ListItem","position":1,"name":"Portada","item":"https:\/\/corredorbioceanico.org\/es\/"},{"@type":"ListItem","position":2,"name":"Qu\u00e9 es el Corredor"}]},{"@type":"WebSite","@id":"https:\/\/corredorbioceanico.org\/es\/#website","url":"https:\/\/corredorbioceanico.org\/es\/","name":"Corredor Bioce\u00e1nico de Capricornio","description":"Sitio Web del Corredor Bioce\u00e1nico de Capricornio","publisher":{"@id":"https:\/\/corredorbioceanico.org\/es\/#organization"},"potentialAction":[{"@type":"SearchAction","target":{"@type":"EntryPoint","urlTemplate":"https:\/\/corredorbioceanico.org\/es\/?s={search_term_string}"},"query-input":{"@type":"PropertyValueSpecification","valueRequired":true,"valueName":"search_term_string"}}],"inLanguage":"pt-BR"},{"@type":"Organization","@id":"https:\/\/corredorbioceanico.org\/es\/#organization","name":"Corredor Bioce\u00e1nico de Capricornio","url":"https:\/\/corredorbioceanico.org\/es\/","logo":{"@type":"ImageObject","inLanguage":"pt-BR","@id":"https:\/\/corredorbioceanico.org\/es\/#\/schema\/logo\/image\/","url":"https:\/\/corredorbioceanico.org\/cms\/wp-content\/uploads\/2025\/02\/CBC_ID_WEB_1B.png","contentUrl":"https:\/\/corredorbioceanico.org\/cms\/wp-content\/uploads\/2025\/02\/CBC_ID_WEB_1B.png","width":652,"height":200,"caption":"Corredor Bioce\u00e1nico de Capricornio"},"image":{"@id":"https:\/\/corredorbioceanico.org\/es\/#\/schema\/logo\/image\/"}}]}},"_links":{"self":[{"href":"https:\/\/corredorbioceanico.org\/pb\/wp-json\/wp\/v2\/pages\/29","targetHints":{"allow":["GET"]}}],"collection":[{"href":"https:\/\/corredorbioceanico.org\/pb\/wp-json\/wp\/v2\/pages"}],"about":[{"href":"https:\/\/corredorbioceanico.org\/pb\/wp-json\/wp\/v2\/types\/page"}],"author":[{"embeddable":true,"href":"https:\/\/corredorbioceanico.org\/pb\/wp-json\/wp\/v2\/users\/1"}],"replies":[{"embeddable":true,"href":"https:\/\/corredorbioceanico.org\/pb\/wp-json\/wp\/v2\/comments?post=29"}],"version-history":[{"count":30,"href":"https:\/\/corredorbioceanico.org\/pb\/wp-json\/wp\/v2\/pages\/29\/revisions"}],"predecessor-version":[{"id":3561,"href":"https:\/\/corredorbioceanico.org\/pb\/wp-json\/wp\/v2\/pages\/29\/revisions\/3561"}],"wp:featuredmedia":[{"embeddable":true,"href":"https:\/\/corredorbioceanico.org\/pb\/wp-json\/wp\/v2\/media\/3424"}],"wp:attachment":[{"href":"https:\/\/corredorbioceanico.org\/pb\/wp-json\/wp\/v2\/media?parent=29"}],"curies":[{"name":"wp","href":"https:\/\/api.w.org\/{rel}","templated":true}]}}