{"id":3766,"date":"2025-08-06T12:36:39","date_gmt":"2025-08-06T15:36:39","guid":{"rendered":"https:\/\/corredorbioceanico.org\/?page_id=3766"},"modified":"2025-10-21T13:23:15","modified_gmt":"2025-10-21T16:23:15","slug":"facilitacion-de-comercio-y-procesos-transfronterizos","status":"publish","type":"page","link":"https:\/\/corredorbioceanico.org\/pb\/facilitacion-de-comercio-y-procesos-transfronterizos\/","title":{"rendered":"Facilita\u00e7\u00e3o do Com\u00e9rcio e Processos Transfronteiri\u00e7os"},"content":{"rendered":"<p><\/p>\n<h3><strong>O que estamos fazendo?<\/strong><\/h3>\n<p>Para desenvolver a dimens\u00e3o sobre Facilita\u00e7\u00e3o do Com\u00e9rcio e Processos Transfronteiri\u00e7os, foi encomendada a realiza\u00e7\u00e3o de <strong>um estudo que inclui um diagn\u00f3stico regional e um plano de a\u00e7\u00e3o<\/strong>.<\/p>\n<p>Seu objetivo foi identificar os principais <strong>desafios para a circula\u00e7\u00e3o de mercadorias, pessoas e ve\u00edculos atrav\u00e9s das passagens de fronteira do corredor e propor solu\u00e7\u00f5es concretas<\/strong> que melhorem a efici\u00eancia log\u00edstica, reduzam os custos de transporte e fortale\u00e7am a integra\u00e7\u00e3o regional.<\/p>\n<p>O estudo foi executado pela <strong>Alian\u00e7a Procomex<\/strong>, sob a lideran\u00e7a da <strong>Comiss\u00e3o Executiva do F\u00f3rum dos Territ\u00f3rios Subnacionais. A coordena\u00e7\u00e3o t\u00e9cnica e o financiamento foram realizados pelo Banco Interamericano de Desenvolvimento (BID).<\/strong><\/p>\n<h3><strong>Como o estudo foi realizado?<\/strong><\/h3>\n<p>O estudo foi realizado em duas fases:<\/p>\n<ul>\n<li><strong>Diagn\u00f3stico.<\/strong>\u00a0Para identificar oportunidades de melhoria com participa\u00e7\u00e3o exclusiva do setor privado dos quatro pa\u00edses em reuni\u00f5es virtuais.<\/li>\n<li><strong>Plano de A\u00e7\u00e3o.<\/strong> Para consensuar solu\u00e7\u00f5es e a\u00e7\u00f5es entre funcion\u00e1rios p\u00fablicos vinculados aos processos transfronteiri\u00e7os e o setor privado em reuni\u00f5es presenciais.<\/li>\n<li><strong>Ao todo, foram realizadas 19 reuni\u00f5es virtuais e 10 reuni\u00f5es presenciais<\/strong>, com a participa\u00e7\u00e3o de 469 representantes do setor privado (incluindo 282 empresas e 43 associa\u00e7\u00f5es empresariais), e 161 representantes de 65 organismos p\u00fablicos e institui\u00e7\u00f5es de ensino dos 4 pa\u00edses do CBC.<\/li>\n<\/ul>\n<h3><strong>Quais resultados foram obtidos?<\/strong><\/h3>\n<ul>\n<li><strong>231 oportunidades de melhoria<\/strong> organizadas por causa raiz: sistemas, infraestrutura, normativas, procedimentos, recursos humanos.<\/li>\n<li><strong>264 a\u00e7\u00f5es consensuadas classificadas<\/strong> em tr\u00eas n\u00edveis: multilateral, binacional e nacional.<\/li>\n<\/ul>\n<h3><strong>Quais s\u00e3o as conclus\u00f5es-chave?<\/strong><\/h3>\n<p>A an\u00e1lise confirma que a competitividade do CBC n\u00e3o depende apenas de novas obras, mas tamb\u00e9m da aplica\u00e7\u00e3o de um modelo de Gest\u00e3o Coordenada de Fronteiras. Melhorar processos, digitalizar tr\u00e2mites e profissionalizar equipes permitir\u00e1 reduzir tempos, custos e aumentar a previsibilidade para operadores de com\u00e9rcio exterior e transportadoras.<\/p>\n<p>O estudo recomenda priorizar medidas de curto prazo que gerem impactos r\u00e1pidos, enquanto se avan\u00e7a em mudan\u00e7as estruturais de maior alcance.<\/p>\n<h3><strong>Como o estudo pode ser lido?<\/strong><\/h3>\n<ul>\n<li>O relat\u00f3rio apresenta uma descri\u00e7\u00e3o detalhada de cada oportunidade de melhoria e as respectivas propostas de solu\u00e7\u00e3o.<\/li>\n<li>As oportunidades de melhoria e as solu\u00e7\u00f5es est\u00e3o organizadas por n\u00edvel de atua\u00e7\u00e3o (multilateral, binacional, nacional).<\/li>\n<li>Al\u00e9m disso, inclui-se um painel interativo em <strong>Power BI<\/strong>, onde \u00e9 poss\u00edvel filtrar as informa\u00e7\u00f5es por diferentes crit\u00e9rios para facilitar a leitura.<\/li>\n<\/ul>\n<h3><strong>Acessos<\/strong><\/h3>\n<p>\ud83d\udcc4 [<strong><a href=\"https:\/\/drive.google.com\/file\/d\/1Agnqd-P1XR0e6b8Q1vclZEigK6V1YUTf\/view?usp=sharing\" target=\"_blank\" rel=\"noopener\">Descargar informe ESP<\/a><\/strong>]<\/p>\n<p>\ud83d\udcc4 [<strong><a href=\"https:\/\/drive.google.com\/file\/d\/1a44EpgOShezIaY1hirhrzI5E_Iep5XiL\/view?usp=sharing\" target=\"_blank\" rel=\"noopener\">Descargar informe POR<\/a><\/strong>]<\/p>\n<p>\ud83d\udcca [<strong><a href=\"https:\/\/app.powerbi.com\/view?r=eyJrIjoiYWRmNmMwOTEtNDk0NC00YTMxLWIyNzctZTViNmJkM2U0YTkyIiwidCI6ImE4NzgxM2Y0LWEzN2MtNGJmYi05NzVlLWE4NzNhZjA2NjhhOSJ9\" target=\"_blank\" rel=\"noopener\">Acessar o painel interativo no Power BI<\/a><\/strong>]<\/p>","protected":false},"excerpt":{"rendered":"<p>O que estamos fazendo? Para desenvolver a dimens\u00e3o sobre Facilita\u00e7\u00e3o do Com\u00e9rcio e Processos Transfronteiri\u00e7os, foi encomendada a realiza\u00e7\u00e3o de um estudo que inclui um diagn\u00f3stico regional e um plano de a\u00e7\u00e3o. Seu objetivo foi identificar os principais desafios para a circula\u00e7\u00e3o de mercadorias, pessoas e ve\u00edculos atrav\u00e9s das passagens de fronteira do corredor e [&hellip;]<\/p>\n","protected":false},"author":8,"featured_media":2269,"parent":0,"menu_order":0,"comment_status":"closed","ping_status":"closed","template":"","meta":{"_acf_changed":false,"_relevanssi_hide_post":"","_relevanssi_hide_content":"","_relevanssi_pin_for_all":"","_relevanssi_pin_keywords":"","_relevanssi_unpin_keywords":"","_relevanssi_related_keywords":"","_relevanssi_related_include_ids":"","_relevanssi_related_exclude_ids":"","_relevanssi_related_no_append":"","_relevanssi_related_not_related":"","_relevanssi_related_posts":"","_relevanssi_noindex_reason":"","footnotes":""},"class_list":["post-3766","page","type-page","status-publish","has-post-thumbnail","hentry"],"acf":[],"yoast_head":"<!-- This site is optimized with the Yoast SEO plugin v25.5 - https:\/\/yoast.com\/wordpress\/plugins\/seo\/ -->\n<title>Facilita\u00e7\u00e3o do Com\u00e9rcio e Processos Transfronteiri\u00e7os - Corredor Bioce\u00e1nico de Capricornio<\/title>\n<meta name=\"robots\" content=\"index, follow, max-snippet:-1, max-image-preview:large, max-video-preview:-1\" \/>\n<link rel=\"canonical\" href=\"https:\/\/corredorbioceanico.org\/facilitacion-de-comercio-y-procesos-transfronterizos\/\" \/>\n<meta property=\"og:locale\" content=\"pt_BR\" \/>\n<meta property=\"og:type\" content=\"article\" \/>\n<meta property=\"og:title\" content=\"[:es]Facilitaci\u00f3n de Comercio y Procesos Transfronterizos[:pb]Facilita\u00e7\u00e3o do Com\u00e9rcio e Processos Transfronteiri\u00e7os[:en]Trade Facilitation and Cross-Border Processes[:] - Corredor Bioce\u00e1nico de Capricornio\" \/>\n<meta property=\"og:description\" content=\"O que estamos fazendo? Para desenvolver a dimens\u00e3o sobre Facilita\u00e7\u00e3o do Com\u00e9rcio e Processos Transfronteiri\u00e7os, foi encomendada a realiza\u00e7\u00e3o de um estudo que inclui um diagn\u00f3stico regional e um plano de a\u00e7\u00e3o. Seu objetivo foi identificar os principais desafios para a circula\u00e7\u00e3o de mercadorias, pessoas e ve\u00edculos atrav\u00e9s das passagens de fronteira do corredor e [&hellip;]\" \/>\n<meta property=\"og:url\" content=\"https:\/\/corredorbioceanico.org\/facilitacion-de-comercio-y-procesos-transfronterizos\/\" \/>\n<meta property=\"og:site_name\" content=\"Corredor Bioce\u00e1nico de Capricornio\" \/>\n<meta property=\"article:modified_time\" content=\"2025-10-21T16:23:15+00:00\" \/>\n<meta property=\"og:image\" content=\"https:\/\/corredorbioceanico.org\/cms\/wp-content\/uploads\/2024\/07\/fotos-corredor-19.jpg\" \/>\n\t<meta property=\"og:image:width\" content=\"1400\" \/>\n\t<meta property=\"og:image:height\" content=\"600\" \/>\n\t<meta property=\"og:image:type\" content=\"image\/jpeg\" \/>\n<meta name=\"twitter:card\" content=\"summary_large_image\" \/>\n<meta name=\"twitter:label1\" content=\"Est. tempo de leitura\" \/>\n\t<meta name=\"twitter:data1\" content=\"2 minutos\" \/>\n<script type=\"application\/ld+json\" class=\"yoast-schema-graph\">{\"@context\":\"https:\/\/schema.org\",\"@graph\":[{\"@type\":\"WebPage\",\"@id\":\"https:\/\/corredorbioceanico.org\/facilitacion-de-comercio-y-procesos-transfronterizos\/\",\"url\":\"https:\/\/corredorbioceanico.org\/facilitacion-de-comercio-y-procesos-transfronterizos\/\",\"name\":\"[:es]Facilitaci\u00f3n de Comercio y Procesos Transfronterizos[:pb]Facilita\u00e7\u00e3o do Com\u00e9rcio e Processos Transfronteiri\u00e7os[:en]Trade Facilitation and Cross-Border Processes[:] - Corredor Bioce\u00e1nico de Capricornio\",\"isPartOf\":{\"@id\":\"https:\/\/corredorbioceanico.org\/es\/#website\"},\"primaryImageOfPage\":{\"@id\":\"https:\/\/corredorbioceanico.org\/facilitacion-de-comercio-y-procesos-transfronterizos\/#primaryimage\"},\"image\":{\"@id\":\"https:\/\/corredorbioceanico.org\/facilitacion-de-comercio-y-procesos-transfronterizos\/#primaryimage\"},\"thumbnailUrl\":\"https:\/\/corredorbioceanico.org\/cms\/wp-content\/uploads\/2024\/07\/fotos-corredor-19.jpg\",\"datePublished\":\"2025-08-06T15:36:39+00:00\",\"dateModified\":\"2025-10-21T16:23:15+00:00\",\"breadcrumb\":{\"@id\":\"https:\/\/corredorbioceanico.org\/facilitacion-de-comercio-y-procesos-transfronterizos\/#breadcrumb\"},\"inLanguage\":\"pt-BR\",\"potentialAction\":[{\"@type\":\"ReadAction\",\"target\":[\"https:\/\/corredorbioceanico.org\/facilitacion-de-comercio-y-procesos-transfronterizos\/\"]}]},{\"@type\":\"ImageObject\",\"inLanguage\":\"pt-BR\",\"@id\":\"https:\/\/corredorbioceanico.org\/facilitacion-de-comercio-y-procesos-transfronterizos\/#primaryimage\",\"url\":\"https:\/\/corredorbioceanico.org\/cms\/wp-content\/uploads\/2024\/07\/fotos-corredor-19.jpg\",\"contentUrl\":\"https:\/\/corredorbioceanico.org\/cms\/wp-content\/uploads\/2024\/07\/fotos-corredor-19.jpg\",\"width\":1400,\"height\":600},{\"@type\":\"BreadcrumbList\",\"@id\":\"https:\/\/corredorbioceanico.org\/facilitacion-de-comercio-y-procesos-transfronterizos\/#breadcrumb\",\"itemListElement\":[{\"@type\":\"ListItem\",\"position\":1,\"name\":\"Portada\",\"item\":\"https:\/\/corredorbioceanico.org\/es\/\"},{\"@type\":\"ListItem\",\"position\":2,\"name\":\"Facilitaci\u00f3n de Comercio y Procesos Transfronterizos\"}]},{\"@type\":\"WebSite\",\"@id\":\"https:\/\/corredorbioceanico.org\/es\/#website\",\"url\":\"https:\/\/corredorbioceanico.org\/es\/\",\"name\":\"Corredor Bioce\u00e1nico de Capricornio\",\"description\":\"Sitio Web del Corredor Bioce\u00e1nico de Capricornio\",\"publisher\":{\"@id\":\"https:\/\/corredorbioceanico.org\/es\/#organization\"},\"potentialAction\":[{\"@type\":\"SearchAction\",\"target\":{\"@type\":\"EntryPoint\",\"urlTemplate\":\"https:\/\/corredorbioceanico.org\/es\/?s={search_term_string}\"},\"query-input\":{\"@type\":\"PropertyValueSpecification\",\"valueRequired\":true,\"valueName\":\"search_term_string\"}}],\"inLanguage\":\"pt-BR\"},{\"@type\":\"Organization\",\"@id\":\"https:\/\/corredorbioceanico.org\/es\/#organization\",\"name\":\"Corredor Bioce\u00e1nico de Capricornio\",\"url\":\"https:\/\/corredorbioceanico.org\/es\/\",\"logo\":{\"@type\":\"ImageObject\",\"inLanguage\":\"pt-BR\",\"@id\":\"https:\/\/corredorbioceanico.org\/es\/#\/schema\/logo\/image\/\",\"url\":\"https:\/\/corredorbioceanico.org\/cms\/wp-content\/uploads\/2025\/02\/CBC_ID_WEB_1B.png\",\"contentUrl\":\"https:\/\/corredorbioceanico.org\/cms\/wp-content\/uploads\/2025\/02\/CBC_ID_WEB_1B.png\",\"width\":652,\"height\":200,\"caption\":\"Corredor Bioce\u00e1nico de Capricornio\"},\"image\":{\"@id\":\"https:\/\/corredorbioceanico.org\/es\/#\/schema\/logo\/image\/\"}}]}<\/script>\n<!-- \/ Yoast SEO plugin. -->","yoast_head_json":{"title":"[:es]Facilitaci\u00f3n de Comercio y Procesos Transfronterizos[:pb]Facilita\u00e7\u00e3o do Com\u00e9rcio e Processos Transfronteiri\u00e7os[:en]Trade Facilitation and Cross-Border Processes[:] - Corredor Bioce\u00e1nico de Capricornio","robots":{"index":"index","follow":"follow","max-snippet":"max-snippet:-1","max-image-preview":"max-image-preview:large","max-video-preview":"max-video-preview:-1"},"canonical":"https:\/\/corredorbioceanico.org\/facilitacion-de-comercio-y-procesos-transfronterizos\/","og_locale":"pt_BR","og_type":"article","og_title":"[:es]Facilitaci\u00f3n de Comercio y Procesos Transfronterizos[:pb]Facilita\u00e7\u00e3o do Com\u00e9rcio e Processos Transfronteiri\u00e7os[:en]Trade Facilitation and Cross-Border Processes[:] - Corredor Bioce\u00e1nico de Capricornio","og_description":"O que estamos fazendo? Para desenvolver a dimens\u00e3o sobre Facilita\u00e7\u00e3o do Com\u00e9rcio e Processos Transfronteiri\u00e7os, foi encomendada a realiza\u00e7\u00e3o de um estudo que inclui um diagn\u00f3stico regional e um plano de a\u00e7\u00e3o. Seu objetivo foi identificar os principais desafios para a circula\u00e7\u00e3o de mercadorias, pessoas e ve\u00edculos atrav\u00e9s das passagens de fronteira do corredor e [&hellip;]","og_url":"https:\/\/corredorbioceanico.org\/facilitacion-de-comercio-y-procesos-transfronterizos\/","og_site_name":"Corredor Bioce\u00e1nico de Capricornio","article_modified_time":"2025-10-21T16:23:15+00:00","og_image":[{"width":1400,"height":600,"url":"https:\/\/corredorbioceanico.org\/cms\/wp-content\/uploads\/2024\/07\/fotos-corredor-19.jpg","type":"image\/jpeg"}],"twitter_card":"summary_large_image","twitter_misc":{"Est. tempo de leitura":"2 minutos"},"schema":{"@context":"https:\/\/schema.org","@graph":[{"@type":"WebPage","@id":"https:\/\/corredorbioceanico.org\/facilitacion-de-comercio-y-procesos-transfronterizos\/","url":"https:\/\/corredorbioceanico.org\/facilitacion-de-comercio-y-procesos-transfronterizos\/","name":"[:es]Facilitaci\u00f3n de Comercio y Procesos Transfronterizos[:pb]Facilita\u00e7\u00e3o do Com\u00e9rcio e Processos Transfronteiri\u00e7os[:en]Trade Facilitation and Cross-Border Processes[:] - Corredor Bioce\u00e1nico de Capricornio","isPartOf":{"@id":"https:\/\/corredorbioceanico.org\/es\/#website"},"primaryImageOfPage":{"@id":"https:\/\/corredorbioceanico.org\/facilitacion-de-comercio-y-procesos-transfronterizos\/#primaryimage"},"image":{"@id":"https:\/\/corredorbioceanico.org\/facilitacion-de-comercio-y-procesos-transfronterizos\/#primaryimage"},"thumbnailUrl":"https:\/\/corredorbioceanico.org\/cms\/wp-content\/uploads\/2024\/07\/fotos-corredor-19.jpg","datePublished":"2025-08-06T15:36:39+00:00","dateModified":"2025-10-21T16:23:15+00:00","breadcrumb":{"@id":"https:\/\/corredorbioceanico.org\/facilitacion-de-comercio-y-procesos-transfronterizos\/#breadcrumb"},"inLanguage":"pt-BR","potentialAction":[{"@type":"ReadAction","target":["https:\/\/corredorbioceanico.org\/facilitacion-de-comercio-y-procesos-transfronterizos\/"]}]},{"@type":"ImageObject","inLanguage":"pt-BR","@id":"https:\/\/corredorbioceanico.org\/facilitacion-de-comercio-y-procesos-transfronterizos\/#primaryimage","url":"https:\/\/corredorbioceanico.org\/cms\/wp-content\/uploads\/2024\/07\/fotos-corredor-19.jpg","contentUrl":"https:\/\/corredorbioceanico.org\/cms\/wp-content\/uploads\/2024\/07\/fotos-corredor-19.jpg","width":1400,"height":600},{"@type":"BreadcrumbList","@id":"https:\/\/corredorbioceanico.org\/facilitacion-de-comercio-y-procesos-transfronterizos\/#breadcrumb","itemListElement":[{"@type":"ListItem","position":1,"name":"Portada","item":"https:\/\/corredorbioceanico.org\/es\/"},{"@type":"ListItem","position":2,"name":"Facilitaci\u00f3n de Comercio y Procesos Transfronterizos"}]},{"@type":"WebSite","@id":"https:\/\/corredorbioceanico.org\/es\/#website","url":"https:\/\/corredorbioceanico.org\/es\/","name":"Corredor Bioce\u00e1nico de Capricornio","description":"Sitio Web del Corredor Bioce\u00e1nico de Capricornio","publisher":{"@id":"https:\/\/corredorbioceanico.org\/es\/#organization"},"potentialAction":[{"@type":"SearchAction","target":{"@type":"EntryPoint","urlTemplate":"https:\/\/corredorbioceanico.org\/es\/?s={search_term_string}"},"query-input":{"@type":"PropertyValueSpecification","valueRequired":true,"valueName":"search_term_string"}}],"inLanguage":"pt-BR"},{"@type":"Organization","@id":"https:\/\/corredorbioceanico.org\/es\/#organization","name":"Corredor Bioce\u00e1nico de Capricornio","url":"https:\/\/corredorbioceanico.org\/es\/","logo":{"@type":"ImageObject","inLanguage":"pt-BR","@id":"https:\/\/corredorbioceanico.org\/es\/#\/schema\/logo\/image\/","url":"https:\/\/corredorbioceanico.org\/cms\/wp-content\/uploads\/2025\/02\/CBC_ID_WEB_1B.png","contentUrl":"https:\/\/corredorbioceanico.org\/cms\/wp-content\/uploads\/2025\/02\/CBC_ID_WEB_1B.png","width":652,"height":200,"caption":"Corredor Bioce\u00e1nico de Capricornio"},"image":{"@id":"https:\/\/corredorbioceanico.org\/es\/#\/schema\/logo\/image\/"}}]}},"_links":{"self":[{"href":"https:\/\/corredorbioceanico.org\/pb\/wp-json\/wp\/v2\/pages\/3766","targetHints":{"allow":["GET"]}}],"collection":[{"href":"https:\/\/corredorbioceanico.org\/pb\/wp-json\/wp\/v2\/pages"}],"about":[{"href":"https:\/\/corredorbioceanico.org\/pb\/wp-json\/wp\/v2\/types\/page"}],"author":[{"embeddable":true,"href":"https:\/\/corredorbioceanico.org\/pb\/wp-json\/wp\/v2\/users\/8"}],"replies":[{"embeddable":true,"href":"https:\/\/corredorbioceanico.org\/pb\/wp-json\/wp\/v2\/comments?post=3766"}],"version-history":[{"count":16,"href":"https:\/\/corredorbioceanico.org\/pb\/wp-json\/wp\/v2\/pages\/3766\/revisions"}],"predecessor-version":[{"id":3942,"href":"https:\/\/corredorbioceanico.org\/pb\/wp-json\/wp\/v2\/pages\/3766\/revisions\/3942"}],"wp:featuredmedia":[{"embeddable":true,"href":"https:\/\/corredorbioceanico.org\/pb\/wp-json\/wp\/v2\/media\/2269"}],"wp:attachment":[{"href":"https:\/\/corredorbioceanico.org\/pb\/wp-json\/wp\/v2\/media?parent=3766"}],"curies":[{"name":"wp","href":"https:\/\/api.w.org\/{rel}","templated":true}]}}