{"id":50,"date":"2020-08-23T09:28:25","date_gmt":"2020-08-23T13:28:25","guid":{"rendered":"https:\/\/corredorbioceanico.org\/cms\/?page_id=50"},"modified":"2024-12-18T13:58:41","modified_gmt":"2024-12-18T16:58:41","slug":"acerca-de","status":"publish","type":"page","link":"https:\/\/corredorbioceanico.org\/pb\/acerca-de\/","title":{"rendered":"Sobre"},"content":{"rendered":"<p>Como antecedente deste site, uma vers\u00e3o anterior foi lan\u00e7ada online em mar\u00e7o de 2018 e descontinuada em junho de 2021, gra\u00e7as a um acordo assinado com esse fim entre o Governo Regional de Antofagasta e a Universidade Cat\u00f3lica do Norte (Chile).<\/p>\n<p>A atual Plataforma Web &#8211; em constru\u00e7\u00e3o, assim como o Corredor Bioce\u00e2nico de Capric\u00f3rnio ao qual serve &#8211; \u00e9 executada em cumprimento de um dos objetivos do Plano Diretor Regional de Integra\u00e7\u00e3o e Desenvolvimento do Corredor Bioce\u00e2nico de Capric\u00f3rnio (PM-CBC).<\/p>\n<p>O Plano \u00e9 gerido pelo Banco Interamericano de Desenvolvimento (BID), atrav\u00e9s do seu instrumento financeiro que \u00e9 o Bem P\u00fablico Regional (BPR).<\/p>\n<p>O Plano Diretor, a pedido do F\u00f3rum de Integra\u00e7\u00e3o do Corredor Bioce\u00e2nico de Capric\u00f3rnio, tem como mandato a elabora\u00e7\u00e3o da estrat\u00e9gia de comunica\u00e7\u00e3o do CBC e, a partir disso, gerar os conte\u00fados a serem colocados neste site e em outras pe\u00e7as de divulga\u00e7\u00e3o.<\/p>","protected":false},"excerpt":{"rendered":"<p>Como antecedente deste site, uma vers\u00e3o anterior foi lan\u00e7ada online em mar\u00e7o de 2018 e descontinuada em junho de 2021, gra\u00e7as a um acordo assinado com esse fim entre o Governo Regional de Antofagasta e a Universidade Cat\u00f3lica do Norte (Chile). A atual Plataforma Web &#8211; em constru\u00e7\u00e3o, assim como o Corredor Bioce\u00e2nico de Capric\u00f3rnio [&hellip;]<\/p>\n","protected":false},"author":1,"featured_media":2274,"parent":0,"menu_order":7,"comment_status":"closed","ping_status":"closed","template":"","meta":{"_acf_changed":false,"_relevanssi_hide_post":"","_relevanssi_hide_content":"","_relevanssi_pin_for_all":"","_relevanssi_pin_keywords":"","_relevanssi_unpin_keywords":"","_relevanssi_related_keywords":"","_relevanssi_related_include_ids":"","_relevanssi_related_exclude_ids":"","_relevanssi_related_no_append":"","_relevanssi_related_not_related":"","_relevanssi_related_posts":"","_relevanssi_noindex_reason":"","footnotes":""},"class_list":["post-50","page","type-page","status-publish","has-post-thumbnail","hentry"],"acf":[],"yoast_head":"<!-- This site is optimized with the Yoast SEO plugin v25.5 - https:\/\/yoast.com\/wordpress\/plugins\/seo\/ -->\n<title>Sobre - Corredor Bioce\u00e1nico de Capricornio<\/title>\n<meta name=\"robots\" content=\"index, follow, max-snippet:-1, max-image-preview:large, max-video-preview:-1\" \/>\n<link rel=\"canonical\" href=\"https:\/\/corredorbioceanico.org\/acerca-de\/\" \/>\n<meta property=\"og:locale\" content=\"pt_BR\" \/>\n<meta property=\"og:type\" content=\"article\" \/>\n<meta property=\"og:title\" content=\"[:es]Acerca de[:pb]Sobre[:en]About[:] - Corredor Bioce\u00e1nico de Capricornio\" \/>\n<meta property=\"og:description\" content=\"Como antecedente deste site, uma vers\u00e3o anterior foi lan\u00e7ada online em mar\u00e7o de 2018 e descontinuada em junho de 2021, gra\u00e7as a um acordo assinado com esse fim entre o Governo Regional de Antofagasta e a Universidade Cat\u00f3lica do Norte (Chile). A atual Plataforma Web &#8211; em constru\u00e7\u00e3o, assim como o Corredor Bioce\u00e2nico de Capric\u00f3rnio [&hellip;]\" \/>\n<meta property=\"og:url\" content=\"https:\/\/corredorbioceanico.org\/acerca-de\/\" \/>\n<meta property=\"og:site_name\" content=\"Corredor Bioce\u00e1nico de Capricornio\" \/>\n<meta property=\"article:modified_time\" content=\"2024-12-18T16:58:41+00:00\" \/>\n<meta property=\"og:image\" content=\"https:\/\/corredorbioceanico.org\/cms\/wp-content\/uploads\/2024\/07\/fotos-corredor-14.jpg\" \/>\n\t<meta property=\"og:image:width\" content=\"1400\" \/>\n\t<meta property=\"og:image:height\" content=\"600\" \/>\n\t<meta property=\"og:image:type\" content=\"image\/jpeg\" \/>\n<meta name=\"twitter:card\" content=\"summary_large_image\" \/>\n<meta name=\"twitter:label1\" content=\"Est. tempo de leitura\" \/>\n\t<meta name=\"twitter:data1\" content=\"2 minutos\" \/>\n<script type=\"application\/ld+json\" class=\"yoast-schema-graph\">{\"@context\":\"https:\/\/schema.org\",\"@graph\":[{\"@type\":\"WebPage\",\"@id\":\"https:\/\/corredorbioceanico.org\/acerca-de\/\",\"url\":\"https:\/\/corredorbioceanico.org\/acerca-de\/\",\"name\":\"[:es]Acerca de[:pb]Sobre[:en]About[:] - Corredor Bioce\u00e1nico de Capricornio\",\"isPartOf\":{\"@id\":\"https:\/\/corredorbioceanico.org\/es\/#website\"},\"primaryImageOfPage\":{\"@id\":\"https:\/\/corredorbioceanico.org\/acerca-de\/#primaryimage\"},\"image\":{\"@id\":\"https:\/\/corredorbioceanico.org\/acerca-de\/#primaryimage\"},\"thumbnailUrl\":\"https:\/\/corredorbioceanico.org\/cms\/wp-content\/uploads\/2024\/07\/fotos-corredor-14.jpg\",\"datePublished\":\"2020-08-23T13:28:25+00:00\",\"dateModified\":\"2024-12-18T16:58:41+00:00\",\"breadcrumb\":{\"@id\":\"https:\/\/corredorbioceanico.org\/acerca-de\/#breadcrumb\"},\"inLanguage\":\"pt-BR\",\"potentialAction\":[{\"@type\":\"ReadAction\",\"target\":[\"https:\/\/corredorbioceanico.org\/acerca-de\/\"]}]},{\"@type\":\"ImageObject\",\"inLanguage\":\"pt-BR\",\"@id\":\"https:\/\/corredorbioceanico.org\/acerca-de\/#primaryimage\",\"url\":\"https:\/\/corredorbioceanico.org\/cms\/wp-content\/uploads\/2024\/07\/fotos-corredor-14.jpg\",\"contentUrl\":\"https:\/\/corredorbioceanico.org\/cms\/wp-content\/uploads\/2024\/07\/fotos-corredor-14.jpg\",\"width\":1400,\"height\":600},{\"@type\":\"BreadcrumbList\",\"@id\":\"https:\/\/corredorbioceanico.org\/acerca-de\/#breadcrumb\",\"itemListElement\":[{\"@type\":\"ListItem\",\"position\":1,\"name\":\"Portada\",\"item\":\"https:\/\/corredorbioceanico.org\/es\/\"},{\"@type\":\"ListItem\",\"position\":2,\"name\":\"Acerca de\"}]},{\"@type\":\"WebSite\",\"@id\":\"https:\/\/corredorbioceanico.org\/es\/#website\",\"url\":\"https:\/\/corredorbioceanico.org\/es\/\",\"name\":\"Corredor Bioce\u00e1nico de Capricornio\",\"description\":\"Sitio Web del Corredor Bioce\u00e1nico de Capricornio\",\"publisher\":{\"@id\":\"https:\/\/corredorbioceanico.org\/es\/#organization\"},\"potentialAction\":[{\"@type\":\"SearchAction\",\"target\":{\"@type\":\"EntryPoint\",\"urlTemplate\":\"https:\/\/corredorbioceanico.org\/es\/?s={search_term_string}\"},\"query-input\":{\"@type\":\"PropertyValueSpecification\",\"valueRequired\":true,\"valueName\":\"search_term_string\"}}],\"inLanguage\":\"pt-BR\"},{\"@type\":\"Organization\",\"@id\":\"https:\/\/corredorbioceanico.org\/es\/#organization\",\"name\":\"Corredor Bioce\u00e1nico de Capricornio\",\"url\":\"https:\/\/corredorbioceanico.org\/es\/\",\"logo\":{\"@type\":\"ImageObject\",\"inLanguage\":\"pt-BR\",\"@id\":\"https:\/\/corredorbioceanico.org\/es\/#\/schema\/logo\/image\/\",\"url\":\"https:\/\/corredorbioceanico.org\/cms\/wp-content\/uploads\/2025\/02\/CBC_ID_WEB_1B.png\",\"contentUrl\":\"https:\/\/corredorbioceanico.org\/cms\/wp-content\/uploads\/2025\/02\/CBC_ID_WEB_1B.png\",\"width\":652,\"height\":200,\"caption\":\"Corredor Bioce\u00e1nico de Capricornio\"},\"image\":{\"@id\":\"https:\/\/corredorbioceanico.org\/es\/#\/schema\/logo\/image\/\"}}]}<\/script>\n<!-- \/ Yoast SEO plugin. -->","yoast_head_json":{"title":"[:es]Acerca de[:pb]Sobre[:en]About[:] - Corredor Bioce\u00e1nico de Capricornio","robots":{"index":"index","follow":"follow","max-snippet":"max-snippet:-1","max-image-preview":"max-image-preview:large","max-video-preview":"max-video-preview:-1"},"canonical":"https:\/\/corredorbioceanico.org\/acerca-de\/","og_locale":"pt_BR","og_type":"article","og_title":"[:es]Acerca de[:pb]Sobre[:en]About[:] - Corredor Bioce\u00e1nico de Capricornio","og_description":"Como antecedente deste site, uma vers\u00e3o anterior foi lan\u00e7ada online em mar\u00e7o de 2018 e descontinuada em junho de 2021, gra\u00e7as a um acordo assinado com esse fim entre o Governo Regional de Antofagasta e a Universidade Cat\u00f3lica do Norte (Chile). A atual Plataforma Web &#8211; em constru\u00e7\u00e3o, assim como o Corredor Bioce\u00e2nico de Capric\u00f3rnio [&hellip;]","og_url":"https:\/\/corredorbioceanico.org\/acerca-de\/","og_site_name":"Corredor Bioce\u00e1nico de Capricornio","article_modified_time":"2024-12-18T16:58:41+00:00","og_image":[{"width":1400,"height":600,"url":"https:\/\/corredorbioceanico.org\/cms\/wp-content\/uploads\/2024\/07\/fotos-corredor-14.jpg","type":"image\/jpeg"}],"twitter_card":"summary_large_image","twitter_misc":{"Est. tempo de leitura":"2 minutos"},"schema":{"@context":"https:\/\/schema.org","@graph":[{"@type":"WebPage","@id":"https:\/\/corredorbioceanico.org\/acerca-de\/","url":"https:\/\/corredorbioceanico.org\/acerca-de\/","name":"[:es]Acerca de[:pb]Sobre[:en]About[:] - Corredor Bioce\u00e1nico de Capricornio","isPartOf":{"@id":"https:\/\/corredorbioceanico.org\/es\/#website"},"primaryImageOfPage":{"@id":"https:\/\/corredorbioceanico.org\/acerca-de\/#primaryimage"},"image":{"@id":"https:\/\/corredorbioceanico.org\/acerca-de\/#primaryimage"},"thumbnailUrl":"https:\/\/corredorbioceanico.org\/cms\/wp-content\/uploads\/2024\/07\/fotos-corredor-14.jpg","datePublished":"2020-08-23T13:28:25+00:00","dateModified":"2024-12-18T16:58:41+00:00","breadcrumb":{"@id":"https:\/\/corredorbioceanico.org\/acerca-de\/#breadcrumb"},"inLanguage":"pt-BR","potentialAction":[{"@type":"ReadAction","target":["https:\/\/corredorbioceanico.org\/acerca-de\/"]}]},{"@type":"ImageObject","inLanguage":"pt-BR","@id":"https:\/\/corredorbioceanico.org\/acerca-de\/#primaryimage","url":"https:\/\/corredorbioceanico.org\/cms\/wp-content\/uploads\/2024\/07\/fotos-corredor-14.jpg","contentUrl":"https:\/\/corredorbioceanico.org\/cms\/wp-content\/uploads\/2024\/07\/fotos-corredor-14.jpg","width":1400,"height":600},{"@type":"BreadcrumbList","@id":"https:\/\/corredorbioceanico.org\/acerca-de\/#breadcrumb","itemListElement":[{"@type":"ListItem","position":1,"name":"Portada","item":"https:\/\/corredorbioceanico.org\/es\/"},{"@type":"ListItem","position":2,"name":"Acerca de"}]},{"@type":"WebSite","@id":"https:\/\/corredorbioceanico.org\/es\/#website","url":"https:\/\/corredorbioceanico.org\/es\/","name":"Corredor Bioce\u00e1nico de Capricornio","description":"Sitio Web del Corredor Bioce\u00e1nico de Capricornio","publisher":{"@id":"https:\/\/corredorbioceanico.org\/es\/#organization"},"potentialAction":[{"@type":"SearchAction","target":{"@type":"EntryPoint","urlTemplate":"https:\/\/corredorbioceanico.org\/es\/?s={search_term_string}"},"query-input":{"@type":"PropertyValueSpecification","valueRequired":true,"valueName":"search_term_string"}}],"inLanguage":"pt-BR"},{"@type":"Organization","@id":"https:\/\/corredorbioceanico.org\/es\/#organization","name":"Corredor Bioce\u00e1nico de Capricornio","url":"https:\/\/corredorbioceanico.org\/es\/","logo":{"@type":"ImageObject","inLanguage":"pt-BR","@id":"https:\/\/corredorbioceanico.org\/es\/#\/schema\/logo\/image\/","url":"https:\/\/corredorbioceanico.org\/cms\/wp-content\/uploads\/2025\/02\/CBC_ID_WEB_1B.png","contentUrl":"https:\/\/corredorbioceanico.org\/cms\/wp-content\/uploads\/2025\/02\/CBC_ID_WEB_1B.png","width":652,"height":200,"caption":"Corredor Bioce\u00e1nico de Capricornio"},"image":{"@id":"https:\/\/corredorbioceanico.org\/es\/#\/schema\/logo\/image\/"}}]}},"_links":{"self":[{"href":"https:\/\/corredorbioceanico.org\/pb\/wp-json\/wp\/v2\/pages\/50","targetHints":{"allow":["GET"]}}],"collection":[{"href":"https:\/\/corredorbioceanico.org\/pb\/wp-json\/wp\/v2\/pages"}],"about":[{"href":"https:\/\/corredorbioceanico.org\/pb\/wp-json\/wp\/v2\/types\/page"}],"author":[{"embeddable":true,"href":"https:\/\/corredorbioceanico.org\/pb\/wp-json\/wp\/v2\/users\/1"}],"replies":[{"embeddable":true,"href":"https:\/\/corredorbioceanico.org\/pb\/wp-json\/wp\/v2\/comments?post=50"}],"version-history":[{"count":6,"href":"https:\/\/corredorbioceanico.org\/pb\/wp-json\/wp\/v2\/pages\/50\/revisions"}],"predecessor-version":[{"id":3375,"href":"https:\/\/corredorbioceanico.org\/pb\/wp-json\/wp\/v2\/pages\/50\/revisions\/3375"}],"wp:featuredmedia":[{"embeddable":true,"href":"https:\/\/corredorbioceanico.org\/pb\/wp-json\/wp\/v2\/media\/2274"}],"wp:attachment":[{"href":"https:\/\/corredorbioceanico.org\/pb\/wp-json\/wp\/v2\/media?parent=50"}],"curies":[{"name":"wp","href":"https:\/\/api.w.org\/{rel}","templated":true}]}}